{"id":2048,"date":"2024-06-21T05:50:05","date_gmt":"2024-06-21T05:50:05","guid":{"rendered":"https:\/\/iem-elencano.edu.co\/?page_id=2048"},"modified":"2025-05-07T02:34:36","modified_gmt":"2025-05-07T02:34:36","slug":"1-2-10-2","status":"publish","type":"page","link":"https:\/\/iem-elencano.edu.co\/index.php\/1-2-10-2\/","title":{"rendered":"Escuela Rural Mixta El Carrizo"},"content":{"rendered":"\n<div id=\"wp-block-themeisle-blocks-advanced-columns-d3fcf249\" class=\"wp-block-themeisle-blocks-advanced-columns has-1-columns has-desktop-equal-layout has-tablet-equal-layout has-mobile-equal-layout has-vertical-unset\"><div class=\"wp-block-themeisle-blocks-advanced-columns-overlay\"><\/div><div class=\"innerblocks-wrap\">\n<div id=\"wp-block-themeisle-blocks-advanced-column-cba996b4\" class=\"wp-block-themeisle-blocks-advanced-column\">\n<div class=\"wp-block-cover alignwide is-light wp-duotone-0d5d8b-ffffff-1\"><img fetchpriority=\"high\" decoding=\"async\" width=\"1280\" height=\"576\" class=\"wp-block-cover__image-background wp-image-2056\" alt=\"\" src=\"https:\/\/iem-elencano.edu.co\/wp-content\/uploads\/2024\/06\/WhatsApp-Image-2024-06-12-at-10.45.57-PM-1.jpeg\" data-object-fit=\"cover\" srcset=\"https:\/\/iem-elencano.edu.co\/wp-content\/uploads\/2024\/06\/WhatsApp-Image-2024-06-12-at-10.45.57-PM-1.jpeg 1280w, https:\/\/iem-elencano.edu.co\/wp-content\/uploads\/2024\/06\/WhatsApp-Image-2024-06-12-at-10.45.57-PM-1-300x135.jpeg 300w, https:\/\/iem-elencano.edu.co\/wp-content\/uploads\/2024\/06\/WhatsApp-Image-2024-06-12-at-10.45.57-PM-1-1024x461.jpeg 1024w, https:\/\/iem-elencano.edu.co\/wp-content\/uploads\/2024\/06\/WhatsApp-Image-2024-06-12-at-10.45.57-PM-1-768x346.jpeg 768w\" sizes=\"(max-width: 1280px) 100vw, 1280px\" \/><span aria-hidden=\"true\" class=\"wp-block-cover__background has-background-dim-30 has-background-dim\" style=\"background-color:#818488\"><\/span><div class=\"wp-block-cover__inner-container is-layout-flow wp-block-cover-is-layout-flow\">\n<div class=\"wp-block-group\"><div class=\"wp-block-group__inner-container is-layout-constrained wp-block-group-is-layout-constrained\">\n<div class=\"wp-block-columns is-layout-flex wp-container-core-columns-is-layout-9d6595d7 wp-block-columns-is-layout-flex\">\n<div class=\"wp-block-column is-layout-flow wp-block-column-is-layout-flow\" style=\"flex-basis:100%\">\n<h1 id=\"wp-block-themeisle-blocks-advanced-heading-8a1ed9b8\" class=\"wp-block-themeisle-blocks-advanced-heading wp-block-themeisle-blocks-advanced-heading-8a1ed9b8 o-typing-delay-100ms o-typing-fast  has-dark-bg\"><strong><o-anim-typing>Sede El carrizo<\/o-anim-typing><\/strong><\/h1>\n<\/div>\n<\/div>\n<\/div><\/div>\n\n\n\n<p><\/p>\n<\/div><\/div>\n\n\n\n<div style=\"height:80px\" aria-hidden=\"true\" class=\"wp-block-spacer\"><\/div>\n\n\n\n<div class=\"wp-block-columns is-layout-flex wp-container-core-columns-is-layout-9d6595d7 wp-block-columns-is-layout-flex\">\n<div class=\"wp-block-column is-layout-flow wp-block-column-is-layout-flow\">\n<h2 class=\"wp-block-heading has-text-align-center\"><strong><font style=\"vertical-align: inherit;\"><font style=\"vertical-align: inherit;\">\u00a1Bienvenidos a la Sede El Carrizo!<\/font><\/font><\/strong><\/h2>\n\n\n\n<p class=\"has-text-align-center has-medium-font-size\">Nuestra sede, situada en la hermosa vereda Carrizo del corregimiento del Encano, es un lugar especial construido con dedicaci\u00f3n. Contamos con una infraestructura s\u00f3lida, con salones bien equipados para clases, biblioteca, inform\u00e1tica y reuniones. Nuestro restaurante escolar ofrece un espacio c\u00f3modo para la alimentaci\u00f3n de nuestros estudiantes.<\/p>\n<\/div>\n<\/div>\n\n\n\n<p>Ubicada en la hermosa vereda El Carrizo, corregimiento de El Encano, nuestra sede es un entorno inspirador, construido con dedicaci\u00f3n y pensado para el desarrollo integral de nuestra comunidad educativa.<\/p>\n\n\n\n<p>Contamos con una&nbsp;infraestructura s\u00f3lida y funcional, que incluye:<\/p>\n\n\n\n<ul class=\"wp-block-list\">\n<li><strong>Aulas amplias y bien equipadas<\/strong>, dise\u00f1adas para favorecer el aprendizaje.<\/li>\n\n\n\n<li><strong>Biblioteca y sala de inform\u00e1tica<\/strong>, espacios que promueven la investigaci\u00f3n y la innovaci\u00f3n.<\/li>\n<\/ul>\n\n\n\n<p>Adem\u00e1s, nuestro&nbsp;restaurante escolar&nbsp;ofrece un ambiente acogedor y saludable, garantizando una alimentaci\u00f3n balanceada para nuestros estudiantes.<\/p>\n\n\n\n<p>En nuestra sede, cada rinc\u00f3n est\u00e1 pensado para fomentar el conocimiento, la creatividad y el bienestar de quienes forman parte de esta gran familia educativa.<\/p>\n\n\n\n<p class=\"has-text-align-center\"><strong>HISTORIA DE LA SEDE CARRIZO<\/strong><\/p>\n\n\n\n<p>Los primeros habitantes de esta comunidad fueron: Ricardo pardo, Jos\u00e9 Pardo, Avelino Guerrero, Jos\u00e9 Muyuy, Mar\u00eda Eduarda Josa, Jos\u00e9 Ad\u00e1n Josa, Carmen Jojoa, Rufina Guerrero, para esta \u00e9poca estos habitantes no ten\u00edan jurisdicci\u00f3n independiente ya que tanto que el carrizo, el motil\u00f3n, casapamba formaban una sola vereda con una sola junta de acci\u00f3n comunal quienes trabajaron en la apertura de la carretera, en el a\u00f1o de 1973, la vereda se independizo como territorio segregado de casapamba y El Motil\u00f3n y mediante una asamblea realizada en casa de Luis Josa se nombr\u00f3 la primera junta de acci\u00f3n comunal.<\/p>\n\n\n\n<p>Esta organizaci\u00f3n comunitaria inicio su lucha para conseguir una plaza educativa; habiendo sido nombrada como primera profesora la se\u00f1orita, Esperanza Iles quien inicio labores en cas del se\u00f1or&nbsp; Luis Ignacio Josa, hasta el mes de enero de 1975 habiendo sido remplazada por el profesor Roberto Andrade mej\u00eda quien prest\u00f3 sus servicios a la comunidad&nbsp;&nbsp; hasta el mes de junio de 1980. A partir de la fecha laboro la profesora Mariela Ter\u00e1n; en abril de 1987, trasladada esta comunidad, la profesora Alicia bastidas y as\u00ed han ido pasando varios docentes hasta la Actualidad.<\/p>\n\n\n\n<p>La sede Educativa el Carrizo para su funcionamiento fue creada por el honorable consejo municipal de Pasto en el a\u00f1o de 1974.con un registro Dane para la \u00e9poca No2520010.<\/p>\n\n\n\n<p>Para el presente a\u00f1o&nbsp; la Sede educativa cuenta con 9 estudiantes de los grados preescolar, cuarto y quinto.<\/p>\n\n\n\n<h2 id=\"wp-block-themeisle-blocks-advanced-heading-3d7bf481\" class=\"wp-block-themeisle-blocks-advanced-heading wp-block-themeisle-blocks-advanced-heading-3d7bf481\">Galer\u00eda de im\u00e1genes<\/h2>\n\n\n\n<div id=\"wp-block-themeisle-blocks-slider-ff2494df\" class=\"wp-block-themeisle-blocks-slider glide\" data-per-view=\"1\" data-gap=\"0\" data-peek=\"0\" data-autoplay=\"true\" data-height=\"400px\" data-hide-arrows=\"false\"><div class=\"glide__track\" data-glide-el=\"track\"><div class=\"glide__slides\"><div class=\"wp-block-themeisle-blocks-slider-item-wrapper glide__slide\" tabindex=\"0\"><figure><img decoding=\"async\" class=\"wp-block-themeisle-blocks-slider-item\" src=\"https:\/\/iem-elencano.edu.co\/wp-content\/uploads\/2024\/06\/IMG_2736-scaled.jpeg\" alt=\"\" title=\"\" data-id=\"2067\"\/><\/figure><\/div><div class=\"wp-block-themeisle-blocks-slider-item-wrapper glide__slide\" tabindex=\"0\"><figure><img decoding=\"async\" class=\"wp-block-themeisle-blocks-slider-item\" src=\"https:\/\/iem-elencano.edu.co\/wp-content\/uploads\/2024\/06\/IMG_2738-_1_-scaled.jpeg\" alt=\"\" title=\"\" data-id=\"2068\"\/><\/figure><\/div><div class=\"wp-block-themeisle-blocks-slider-item-wrapper glide__slide\" tabindex=\"0\"><figure><img decoding=\"async\" class=\"wp-block-themeisle-blocks-slider-item\" src=\"https:\/\/iem-elencano.edu.co\/wp-content\/uploads\/2024\/06\/IMG_2744-scaled.jpeg\" alt=\"\" title=\"\" data-id=\"2069\"\/><\/figure><\/div><div class=\"wp-block-themeisle-blocks-slider-item-wrapper glide__slide\" tabindex=\"0\"><figure><img decoding=\"async\" class=\"wp-block-themeisle-blocks-slider-item\" src=\"https:\/\/iem-elencano.edu.co\/wp-content\/uploads\/2024\/06\/IMG_2740-scaled.jpeg\" alt=\"\" title=\"\" data-id=\"2070\"\/><\/figure><\/div><div class=\"wp-block-themeisle-blocks-slider-item-wrapper glide__slide\" tabindex=\"0\"><figure><img decoding=\"async\" class=\"wp-block-themeisle-blocks-slider-item\" src=\"https:\/\/iem-elencano.edu.co\/wp-content\/uploads\/2024\/06\/IMG_2738-scaled.jpeg\" alt=\"\" title=\"\" data-id=\"2072\"\/><\/figure><\/div><div class=\"wp-block-themeisle-blocks-slider-item-wrapper glide__slide\" tabindex=\"0\"><figure><img decoding=\"async\" class=\"wp-block-themeisle-blocks-slider-item\" src=\"https:\/\/iem-elencano.edu.co\/wp-content\/uploads\/2024\/06\/IMG_2739-scaled.jpeg\" alt=\"\" title=\"\" data-id=\"2073\"\/><\/figure><\/div><\/div><div class=\"glide__bullets\" data-glide-el=\"controls[nav]\"><button class=\"glide__bullet\" data-glide-dir=\"=0\"><\/button><button class=\"glide__bullet\" data-glide-dir=\"=1\"><\/button><button class=\"glide__bullet\" data-glide-dir=\"=2\"><\/button><button class=\"glide__bullet\" data-glide-dir=\"=3\"><\/button><button class=\"glide__bullet\" data-glide-dir=\"=4\"><\/button><button class=\"glide__bullet\" data-glide-dir=\"=5\"><\/button><\/div><\/div><\/div>\n\n\n\n<div style=\"height:var(--wp--preset--spacing--80)\" aria-hidden=\"true\" class=\"wp-block-spacer\"><\/div>\n\n\n\n<div style=\"height:var(--wp--preset--spacing--80)\" aria-hidden=\"true\" class=\"wp-block-spacer\"><\/div>\n<\/div>\n<\/div><\/div>\n\n\n\n<div id=\"wp-block-themeisle-blocks-advanced-columns-20ed0392\" class=\"wp-block-themeisle-blocks-advanced-columns has-1-columns has-desktop-equal-layout has-tablet-equal-layout has-mobile-equal-layout has-vertical-unset\"><div class=\"wp-block-themeisle-blocks-advanced-columns-overlay\"><\/div><div class=\"innerblocks-wrap\">\n<div id=\"wp-block-themeisle-blocks-advanced-column-217bba2c\" class=\"wp-block-themeisle-blocks-advanced-column\">\n<div class=\"wp-block-columns is-layout-flex wp-container-core-columns-is-layout-9d6595d7 wp-block-columns-is-layout-flex\">\n<div class=\"wp-block-column is-layout-flow wp-block-column-is-layout-flow\">\n<h2 id=\"wp-block-themeisle-blocks-advanced-heading-b3ab12d1\" class=\"wp-block-themeisle-blocks-advanced-heading wp-block-themeisle-blocks-advanced-heading-b3ab12d1\">Narvaez Urbano Oscar Edgardo<\/h2>\n\n\n\n<p id=\"wp-block-themeisle-blocks-advanced-heading-1020f957\" class=\"wp-block-themeisle-blocks-advanced-heading wp-block-themeisle-blocks-advanced-heading-1020f957\">Docente de la sede <\/p>\n<\/div>\n\n\n\n<div class=\"wp-block-column is-layout-flow wp-block-column-is-layout-flow\">\n<figure class=\"wp-block-image size-full\"><img decoding=\"async\" width=\"760\" height=\"630\" src=\"https:\/\/iem-elencano.edu.co\/wp-content\/uploads\/2025\/05\/Oscar-Narvaez-1.jpg\" alt=\"\" class=\"wp-image-2338\" srcset=\"https:\/\/iem-elencano.edu.co\/wp-content\/uploads\/2025\/05\/Oscar-Narvaez-1.jpg 760w, https:\/\/iem-elencano.edu.co\/wp-content\/uploads\/2025\/05\/Oscar-Narvaez-1-300x249.jpg 300w\" sizes=\"(max-width: 760px) 100vw, 760px\" \/><\/figure>\n<\/div>\n<\/div>\n<\/div>\n<\/div><\/div>\n\n\n\n<div id=\"wp-block-themeisle-blocks-advanced-columns-5dfd25f6\" class=\"wp-block-themeisle-blocks-advanced-columns has-2-columns has-desktop-oneTwo-layout has-tablet-equal-layout has-mobile-collapsedRows-layout has-vertical-unset\"><div class=\"wp-block-themeisle-blocks-advanced-columns-overlay\"><\/div><div class=\"innerblocks-wrap\">\n<div id=\"wp-block-themeisle-blocks-advanced-column-87d9d7af\" class=\"wp-block-themeisle-blocks-advanced-column\">\n<h1 id=\"wp-block-themeisle-blocks-advanced-heading-1953038f\" class=\"wp-block-themeisle-blocks-advanced-heading wp-block-themeisle-blocks-advanced-heading-1953038f\">Ubicaci\u00f3n<\/h1>\n\n\n\n<div style=\"height:62px\" aria-hidden=\"true\" class=\"wp-block-spacer\"><\/div>\n\n\n\n<div class=\"wp-block-group is-nowrap is-layout-flex wp-container-core-group-is-layout-ad2f72ca wp-block-group-is-layout-flex\">\n<p id=\"wp-block-themeisle-blocks-advanced-heading-ee8c35a4\" class=\"wp-block-themeisle-blocks-advanced-heading wp-block-themeisle-blocks-advanced-heading-ee8c35a4\"> El Carrizo, ubicada en la hermosa vereda Carrizo del corregimiento del Encano, a 4 kil\u00f3metros de El Encano Centro<\/p>\n<\/div>\n\n\n\n<div id=\"wp-block-themeisle-blocks-button-group-9939b0ab\" class=\"wp-block-themeisle-blocks-button-group collapse-desktop wp-block-buttons align-center-desktop\">\n<div id=\"wp-block-themeisle-blocks-button-547d14ff\" class=\"wp-block-themeisle-blocks-button wp-block-button ticss-ae6cf819\"><a href=\"https:\/\/maps.app.goo.gl\/ytSeQJvFSmFfy81x5\" target=\"_self\" rel=\"noopener noreferrer\" class=\"wp-block-button__link\"><span><font style=\"vertical-align: inherit;\"><font style=\"vertical-align: inherit;\">mapas de Google<\/font><\/font><\/span><\/a><\/div>\n<\/div>\n<\/div>\n\n\n\n<div id=\"wp-block-themeisle-blocks-advanced-column-927bc4fe\" class=\"wp-block-themeisle-blocks-advanced-column\">\n<center>\n<iframe src=\"https:\/\/www.google.com\/maps\/embed?pb=!1m14!1m12!1m3!1d1073.2184128745096!2d-77.17556865433917!3d1.1408424159038477!2m3!1f0!2f0!3f0!3m2!1i1024!2i768!4f13.1!5e1!3m2!1ses!2sco!4v1718948699763!5m2!1ses!2sco\" width=\"600\" height=\"450\" style=\"border:0;\" allowfullscreen=\"\" loading=\"lazy\" referrerpolicy=\"no-referrer-when-downgrade\"><\/iframe>\n<\/center>\n<\/div>\n<\/div><\/div>\n\n\n\n<div style=\"height:100px\" aria-hidden=\"true\" class=\"wp-block-spacer\"><\/div>\n","protected":false},"excerpt":{"rendered":"","protected":false},"author":1,"featured_media":0,"parent":0,"menu_order":0,"comment_status":"closed","ping_status":"closed","template":"template-fullwidth.php","meta":{"_themeisle_gutenberg_block_has_review":false,"_ti_tpc_template_sync":false,"_ti_tpc_template_id":"","footnotes":""},"class_list":["post-2048","page","type-page","status-publish","hentry"],"_links":{"self":[{"href":"https:\/\/iem-elencano.edu.co\/index.php\/wp-json\/wp\/v2\/pages\/2048","targetHints":{"allow":["GET"]}}],"collection":[{"href":"https:\/\/iem-elencano.edu.co\/index.php\/wp-json\/wp\/v2\/pages"}],"about":[{"href":"https:\/\/iem-elencano.edu.co\/index.php\/wp-json\/wp\/v2\/types\/page"}],"author":[{"embeddable":true,"href":"https:\/\/iem-elencano.edu.co\/index.php\/wp-json\/wp\/v2\/users\/1"}],"replies":[{"embeddable":true,"href":"https:\/\/iem-elencano.edu.co\/index.php\/wp-json\/wp\/v2\/comments?post=2048"}],"version-history":[{"count":6,"href":"https:\/\/iem-elencano.edu.co\/index.php\/wp-json\/wp\/v2\/pages\/2048\/revisions"}],"predecessor-version":[{"id":2339,"href":"https:\/\/iem-elencano.edu.co\/index.php\/wp-json\/wp\/v2\/pages\/2048\/revisions\/2339"}],"wp:attachment":[{"href":"https:\/\/iem-elencano.edu.co\/index.php\/wp-json\/wp\/v2\/media?parent=2048"}],"curies":[{"name":"wp","href":"https:\/\/api.w.org\/{rel}","templated":true}]}}