{"id":1961,"date":"2024-06-21T04:15:17","date_gmt":"2024-06-21T04:15:17","guid":{"rendered":"https:\/\/iem-elencano.edu.co\/?page_id=1961"},"modified":"2025-02-08T02:26:12","modified_gmt":"2025-02-08T02:26:12","slug":"1-2-9","status":"publish","type":"page","link":"https:\/\/iem-elencano.edu.co\/index.php\/1-2-9\/","title":{"rendered":"Escuela Rural Mixta Santa Isabel"},"content":{"rendered":"\n<div class=\"wp-block-cover alignfull has-parallax is-light\" style=\"min-height:977px;aspect-ratio:unset;\"><span aria-hidden=\"true\" class=\"wp-block-cover__background has-nv-light-bg-background-color has-background-dim\"><\/span><div class=\"wp-block-cover__image-background wp-image-1964 has-parallax\" style=\"background-position:50% 50%;background-image:url(https:\/\/iem-elencano.edu.co\/wp-content\/uploads\/2024\/06\/Captura-de-pantalla-2024-06-20-212104.png)\"><\/div><div class=\"wp-block-cover__inner-container is-layout-flow wp-block-cover-is-layout-flow\">\n<div style=\"height:80px\" aria-hidden=\"true\" class=\"wp-block-spacer\"><\/div>\n\n\n\n<h1 class=\"wp-block-heading alignwide has-text-align-center has-white-color has-text-color has-link-color wp-elements-c83057f2fafba7ce1da998d6b54bdbef\">SEDE SANTA ISABEL<\/h1>\n\n\n\n<div style=\"height:20px\" aria-hidden=\"true\" class=\"wp-block-spacer\"><\/div>\n\n\n\n<p class=\"has-text-align-center has-white-color has-text-color has-medium-font-size\">Bienvenidos a la Sede Santa Isabel de la Instituci\u00f3n Educativa Municipal El Encano, un lugar donde la educaci\u00f3n y la naturaleza se encuentran en perfecta armon\u00eda. Ubicada en una de las veredas m\u00e1s pintorescas del corregimiento del Encano, nuestra sede ofrece una experiencia educativa \u00fanica, rodeada de la belleza natural del campo colombiano.<\/p>\n\n\n\n<div style=\"height:40px\" aria-hidden=\"true\" class=\"wp-block-spacer\"><\/div>\n\n\n\n<div class=\"wp-block-columns alignfull are-vertically-aligned-center is-layout-flex wp-container-core-columns-is-layout-9d6595d7 wp-block-columns-is-layout-flex\">\n<div class=\"wp-block-column is-vertically-aligned-center is-layout-flow wp-block-column-is-layout-flow\" style=\"flex-basis:15%\">\n<figure class=\"wp-block-image size-full\"><img fetchpriority=\"high\" decoding=\"async\" width=\"475\" height=\"473\" src=\"https:\/\/iem-elencano.edu.co\/wp-content\/uploads\/2024\/06\/Imagen-de-WhatsApp-2024-06-18-a-las-22.13.28_90aacef4.jpg\" alt=\"\" class=\"wp-image-1875\" srcset=\"https:\/\/iem-elencano.edu.co\/wp-content\/uploads\/2024\/06\/Imagen-de-WhatsApp-2024-06-18-a-las-22.13.28_90aacef4.jpg 475w, https:\/\/iem-elencano.edu.co\/wp-content\/uploads\/2024\/06\/Imagen-de-WhatsApp-2024-06-18-a-las-22.13.28_90aacef4-300x300.jpg 300w, https:\/\/iem-elencano.edu.co\/wp-content\/uploads\/2024\/06\/Imagen-de-WhatsApp-2024-06-18-a-las-22.13.28_90aacef4-150x150.jpg 150w\" sizes=\"(max-width: 475px) 100vw, 475px\" \/><\/figure>\n<\/div>\n\n\n\n<div class=\"wp-block-column is-vertically-aligned-center is-layout-flow wp-block-column-is-layout-flow\" style=\"flex-basis:20%\">\n<figure class=\"wp-block-image size-full is-resized\"><img decoding=\"async\" src=\"https:\/\/iem-elencano.edu.co\/wp-content\/uploads\/2024\/06\/Captura-de-pantalla-2024-06-20-212825.png\" alt=\"\" class=\"wp-image-1968\" style=\"width:198px;height:auto\"\/><\/figure>\n<\/div>\n\n\n\n<div class=\"wp-block-column is-vertically-aligned-center is-layout-flow wp-block-column-is-layout-flow\" style=\"flex-basis:30%\">\n<figure class=\"wp-block-gallery has-nested-images columns-default is-cropped wp-block-gallery-2 is-layout-flex wp-block-gallery-is-layout-flex\">\n<figure class=\"wp-block-image size-large is-resized wp-duotone-unset-1\"><img decoding=\"async\" width=\"350\" height=\"290\" data-id=\"1967\" src=\"https:\/\/iem-elencano.edu.co\/wp-content\/uploads\/2024\/06\/Captura-de-pantalla-2024-06-20-212653.png\" alt=\"\" class=\"wp-image-1967\" style=\"width:266px;height:auto\" srcset=\"https:\/\/iem-elencano.edu.co\/wp-content\/uploads\/2024\/06\/Captura-de-pantalla-2024-06-20-212653.png 350w, https:\/\/iem-elencano.edu.co\/wp-content\/uploads\/2024\/06\/Captura-de-pantalla-2024-06-20-212653-300x249.png 300w\" sizes=\"(max-width: 350px) 100vw, 350px\" \/><\/figure>\n<\/figure>\n<\/div>\n\n\n\n<div class=\"wp-block-column is-layout-flow wp-block-column-is-layout-flow\"><\/div>\n\n\n\n<div class=\"wp-block-column is-vertically-aligned-center is-layout-flow wp-block-column-is-layout-flow\" style=\"flex-basis:20%\">\n<figure class=\"wp-block-image size-full\"><img decoding=\"async\" width=\"419\" height=\"247\" src=\"https:\/\/iem-elencano.edu.co\/wp-content\/uploads\/2024\/06\/Captura-de-pantalla-2024-06-20-221448-1.png\" alt=\"\" class=\"wp-image-1978\" srcset=\"https:\/\/iem-elencano.edu.co\/wp-content\/uploads\/2024\/06\/Captura-de-pantalla-2024-06-20-221448-1.png 419w, https:\/\/iem-elencano.edu.co\/wp-content\/uploads\/2024\/06\/Captura-de-pantalla-2024-06-20-221448-1-300x177.png 300w\" sizes=\"(max-width: 419px) 100vw, 419px\" \/><\/figure>\n<\/div>\n\n\n\n<div class=\"wp-block-column is-vertically-aligned-center is-layout-flow wp-block-column-is-layout-flow\" style=\"flex-basis:15%\">\n<figure class=\"wp-block-image size-full is-resized\"><img decoding=\"async\" src=\"https:\/\/iem-elencano.edu.co\/wp-content\/uploads\/2024\/06\/Captura-de-pantalla-2024-06-20-221559.png\" alt=\"\" class=\"wp-image-1977\" style=\"width:154px;height:auto\"\/><\/figure>\n<\/div>\n<\/div>\n\n\n\n<div style=\"height:50px\" aria-hidden=\"true\" class=\"wp-block-spacer\"><\/div>\n<\/div><\/div>\n\n\n\n<div style=\"height:80px\" aria-hidden=\"true\" class=\"wp-block-spacer\"><\/div>\n\n\n\n<div class=\"wp-block-columns is-layout-flex wp-container-core-columns-is-layout-9d6595d7 wp-block-columns-is-layout-flex\">\n<div class=\"wp-block-column is-vertically-aligned-center is-layout-flow wp-block-column-is-layout-flow\">\n<h2 class=\"wp-block-heading\">SANTA ISABEL<\/h2>\n\n\n\n<p><\/p>\n\n\n\n<p>Nuestra sede, construida con solidez y cari\u00f1o, cuenta con instalaciones que incluyen un amplio sal\u00f3n principal, una acogedora biblioteca, y espacios vers\u00e1tiles que se adaptan a las necesidades de nuestros estudiantes. El patio en cemento y la cancha de f\u00fatbol proporcionan excelentes \u00e1reas para el desarrollo f\u00edsico y la recreaci\u00f3n de nuestros alumnos.<\/p>\n\n\n\n<p>En Santa Isabel, nos enorgullecemos de ofrecer una educaci\u00f3n inclusiva y diversa, atendiendo a estudiantes de diferentes or\u00edgenes, incluyendo poblaci\u00f3n campesina e ind\u00edgena. Nuestro dedicado equipo docente trabaja incansablemente para proporcionar una educaci\u00f3n de calidad, superando los desaf\u00edos geogr\u00e1ficos y aprovechando al m\u00e1ximo los recursos disponibles.<\/p>\n\n\n\n<p>La ubicaci\u00f3n \u00fanica de nuestra sede, accesible por un pintoresco camino ecol\u00f3gico, ofrece a nuestros estudiantes la oportunidad de crecer en contacto directo con la naturaleza, fomentando una conciencia ambiental desde temprana edad. Adem\u00e1s, nuestro servicio de restaurante escolar asegura que cada estudiante reciba la nutrici\u00f3n necesaria para un \u00f3ptimo desempe\u00f1o acad\u00e9mico.<\/p>\n\n\n\n<p>En la Sede Santa Isabel, no solo educamos mentes, sino que tambi\u00e9n formamos corazones comprometidos con su comunidad y su entorno. \u00a1Te invitamos a conocer m\u00e1s sobre nuestra labor educativa en este rinc\u00f3n especial del Encano!<\/p>\n<\/div>\n\n\n\n<div class=\"wp-block-column is-vertically-aligned-center is-layout-flow wp-block-column-is-layout-flow\">\n<iframe src=\"https:\/\/www.google.com\/maps\/embed?pb=!1m18!1m12!1m3!1d4744.01294111395!2d-77.15972458151116!3d0.9893913235832962!2m3!1f0!2f0!3f0!3m2!1i1024!2i768!4f13.1!3m3!1m2!1s0x8e28d9dd429938ff%3A0xb62b18f120843211!2sEscuela%20rural%20mixta%20Santa%20Isabel!5e0!3m2!1ses!2sco!4v1718938663852!5m2!1ses!2sco\" width=\"400\" height=\"300\" style=\"border:0;\" allowfullscreen=\"\" loading=\"lazy\" referrerpolicy=\"no-referrer-when-downgrade\"><\/iframe>\n<\/div>\n<\/div>\n\n\n\n<div style=\"height:50px\" aria-hidden=\"true\" class=\"wp-block-spacer\"><\/div>\n","protected":false},"excerpt":{"rendered":"<p>SANTA ISABEL Nuestra sede, construida con solidez y cari\u00f1o, cuenta con instalaciones que incluyen un amplio sal\u00f3n principal, una acogedora biblioteca, y espacios vers\u00e1tiles que se adaptan a las necesidades &#8230;<\/p>\n","protected":false},"author":1,"featured_media":0,"parent":0,"menu_order":0,"comment_status":"closed","ping_status":"closed","template":"template-fullwidth.php","meta":{"_themeisle_gutenberg_block_has_review":false,"_ti_tpc_template_sync":false,"_ti_tpc_template_id":"","footnotes":""},"class_list":["post-1961","page","type-page","status-publish","hentry"],"_links":{"self":[{"href":"https:\/\/iem-elencano.edu.co\/index.php\/wp-json\/wp\/v2\/pages\/1961","targetHints":{"allow":["GET"]}}],"collection":[{"href":"https:\/\/iem-elencano.edu.co\/index.php\/wp-json\/wp\/v2\/pages"}],"about":[{"href":"https:\/\/iem-elencano.edu.co\/index.php\/wp-json\/wp\/v2\/types\/page"}],"author":[{"embeddable":true,"href":"https:\/\/iem-elencano.edu.co\/index.php\/wp-json\/wp\/v2\/users\/1"}],"replies":[{"embeddable":true,"href":"https:\/\/iem-elencano.edu.co\/index.php\/wp-json\/wp\/v2\/comments?post=1961"}],"version-history":[{"count":8,"href":"https:\/\/iem-elencano.edu.co\/index.php\/wp-json\/wp\/v2\/pages\/1961\/revisions"}],"predecessor-version":[{"id":2108,"href":"https:\/\/iem-elencano.edu.co\/index.php\/wp-json\/wp\/v2\/pages\/1961\/revisions\/2108"}],"wp:attachment":[{"href":"https:\/\/iem-elencano.edu.co\/index.php\/wp-json\/wp\/v2\/media?parent=1961"}],"curies":[{"name":"wp","href":"https:\/\/api.w.org\/{rel}","templated":true}]}}