{"id":1697,"date":"2024-06-21T04:27:00","date_gmt":"2024-06-21T04:27:00","guid":{"rendered":"https:\/\/iem-elencano.edu.co\/?page_id=1697"},"modified":"2025-05-02T02:18:03","modified_gmt":"2025-05-02T02:18:03","slug":"1-2-5","status":"publish","type":"page","link":"https:\/\/iem-elencano.edu.co\/index.php\/1-2-5\/","title":{"rendered":"Colegio El Encano"},"content":{"rendered":"\n<div class=\"wp-block-cover alignfull has-parallax is-light\" style=\"min-height:977px;aspect-ratio:unset;\"><div class=\"wp-block-cover__image-background wp-image-1874 has-parallax\" style=\"background-position:50% 50%;background-image:url(https:\/\/iem-elencano.edu.co\/wp-content\/uploads\/2024\/06\/Imagen-de-WhatsApp-2024-06-14-a-las-17.24.49_56511258.jpg)\"><\/div><span aria-hidden=\"true\" class=\"wp-block-cover__background has-nv-light-bg-background-color has-background-dim\"><\/span><div class=\"wp-block-cover__inner-container is-layout-flow wp-block-cover-is-layout-flow\">\n<div style=\"height:80px\" aria-hidden=\"true\" class=\"wp-block-spacer\"><\/div>\n\n\n\n<h1 class=\"wp-block-heading has-text-align-center has-white-color has-text-color has-link-color wp-elements-3958fec5ac63a0aaab0200362b3b891d\">SEDE BACHILLERATO<\/h1>\n\n\n\n<div style=\"height:20px\" aria-hidden=\"true\" class=\"wp-block-spacer\"><\/div>\n\n\n\n<p class=\"has-text-align-center has-neve-text-color-color has-text-color has-medium-font-size\"><\/p>\n\n\n\n<div style=\"height:50px\" aria-hidden=\"true\" class=\"wp-block-spacer\"><\/div>\n\n\n\n<div id=\"wp-block-themeisle-blocks-slider-8237e888\" class=\"wp-block-themeisle-blocks-slider glide\" data-per-view=\"1\" data-gap=\"0\" data-peek=\"0\" data-autoplay=\"true\" data-height=\"400px\" data-hide-arrows=\"false\"><div class=\"glide__track\" data-glide-el=\"track\"><div class=\"glide__slides\"><div class=\"wp-block-themeisle-blocks-slider-item-wrapper glide__slide\" tabindex=\"0\"><figure><img decoding=\"async\" class=\"wp-block-themeisle-blocks-slider-item\" src=\"https:\/\/iem-elencano.edu.co\/wp-content\/uploads\/2024\/06\/Imagen-de-WhatsApp-2024-06-19-a-las-21.43.28_55756ea2-1.jpg\" alt=\"\" title=\"\" data-id=\"1877\"\/><\/figure><\/div><div class=\"wp-block-themeisle-blocks-slider-item-wrapper glide__slide\" tabindex=\"0\"><figure><img decoding=\"async\" class=\"wp-block-themeisle-blocks-slider-item\" src=\"https:\/\/iem-elencano.edu.co\/wp-content\/uploads\/2024\/06\/Imagen-de-WhatsApp-2024-06-19-a-las-21.43.28_3bd64cef.jpg\" alt=\"\" title=\"\" data-id=\"1878\"\/><\/figure><\/div><div class=\"wp-block-themeisle-blocks-slider-item-wrapper glide__slide\" tabindex=\"0\"><figure><img decoding=\"async\" class=\"wp-block-themeisle-blocks-slider-item\" src=\"https:\/\/iem-elencano.edu.co\/wp-content\/uploads\/2024\/06\/IMG_20240610_092307-scaled.jpg\" alt=\"\" title=\"\" data-id=\"1879\"\/><\/figure><\/div><div class=\"wp-block-themeisle-blocks-slider-item-wrapper glide__slide\" tabindex=\"0\"><figure><img decoding=\"async\" class=\"wp-block-themeisle-blocks-slider-item\" src=\"https:\/\/iem-elencano.edu.co\/wp-content\/uploads\/2024\/06\/IMG_20240610_092056-scaled.jpg\" alt=\"\" title=\"\" data-id=\"1872\"\/><\/figure><\/div><\/div><div class=\"glide__bullets\" data-glide-el=\"controls[nav]\"><button class=\"glide__bullet\" data-glide-dir=\"=0\"><\/button><button class=\"glide__bullet\" data-glide-dir=\"=1\"><\/button><button class=\"glide__bullet\" data-glide-dir=\"=2\"><\/button><button class=\"glide__bullet\" data-glide-dir=\"=3\"><\/button><\/div><\/div><\/div>\n<\/div><\/div>\n\n\n\n<div style=\"height:80px\" aria-hidden=\"true\" class=\"wp-block-spacer\"><\/div>\n\n\n\n<div class=\"wp-block-columns is-layout-flex wp-container-core-columns-is-layout-9d6595d7 wp-block-columns-is-layout-flex\">\n<div class=\"wp-block-column is-vertically-aligned-center is-layout-flow wp-block-column-is-layout-flow\">\n<h2 class=\"wp-block-heading\">Coordinador de convivencia.<\/h2>\n\n\n\n<p>Luis Carlos Guerrero Garc\u00eda es el coordinador de convivencia de nuestra instituci\u00f3n. Su presencia es fundamental para mantener un ambiente armonioso y seguro. Con una s\u00f3lida experiencia en gesti\u00f3n educativa y resoluci\u00f3n de conflictos, Luis Carlos se encarga de promover el respeto y la buena convivencia entre los estudiantes y el personal. Su liderazgo y dedicaci\u00f3n son esenciales para el funcionamiento diario y el bienestar de nuestra comunidad educativa.<\/p>\n<\/div>\n\n\n\n<div class=\"wp-block-column is-vertically-aligned-center is-layout-flow wp-block-column-is-layout-flow\">\n<figure class=\"wp-block-image size-full\"><img fetchpriority=\"high\" decoding=\"async\" width=\"220\" height=\"272\" src=\"https:\/\/iem-elencano.edu.co\/wp-content\/uploads\/2025\/05\/Luis-Carlos.jpg\" alt=\"\" class=\"wp-image-2329\"\/><\/figure>\n<\/div>\n<\/div>\n\n\n\n<div class=\"wp-block-columns is-layout-flex wp-container-core-columns-is-layout-9d6595d7 wp-block-columns-is-layout-flex\">\n<div class=\"wp-block-column is-vertically-aligned-center is-layout-flow wp-block-column-is-layout-flow\">\n<figure class=\"wp-block-image size-full\"><img decoding=\"async\" width=\"220\" height=\"275\" src=\"https:\/\/iem-elencano.edu.co\/wp-content\/uploads\/2025\/05\/Jose-Luis.jpg\" alt=\"\" class=\"wp-image-2330\"\/><\/figure>\n<\/div>\n\n\n\n<div class=\"wp-block-column is-vertically-aligned-center is-layout-flow wp-block-column-is-layout-flow\">\n<h2 class=\"wp-block-heading\">Coordinador acad\u00e9mico.<\/h2>\n\n\n\n<p>Jos\u00e9 Luis Revelo Calvache  es el coordinador acad\u00e9mico de nuestra instituci\u00f3n. Su presencia es fundamental para garantizar la calidad educativa y el \u00e9xito acad\u00e9mico de nuestros estudiantes. Con una amplia experiencia en pedagog\u00eda y gesti\u00f3n curricular, Jos\u00e9 Luis se encarga de  apoyar a los docentes en la implementaci\u00f3n de estrategias did\u00e1cticas efectivas. Su compromiso y liderazgo son esenciales para el desarrollo acad\u00e9mico y el logro de nuestros objetivos educativos.<\/p>\n<\/div>\n<\/div>\n\n\n\n<div style=\"height:50px\" aria-hidden=\"true\" class=\"wp-block-spacer\"><\/div>\n\n\n\n<h2 class=\"wp-block-heading\">UBICACI\u00d3N.<\/h2>\n\n\n\n<p>La sede principal de bachillerato de la instituci\u00f3n educativa municipal El Encano se encuentra en el corregimiento de El Encano, en el departamento de Nari\u00f1o, Colombia. Este corregimiento est\u00e1 situado aproximadamente a 25 kil\u00f3metros al sur oriente de la ciudad de San Juan de Pasto, la capital del departamento.<\/p>\n\n\n\n<iframe src=\"https:\/\/www.google.com\/maps\/embed?pb=!4v1718855638651!6m8!1m7!1swstB5_NuvnWWlwbl1GDN5w!2m2!1d1.16291424299205!2d-77.15681046498149!3f284.4989616184776!4f-8.952974503241265!5f0.7820865974627469\" width=\"600\" height=\"450\" style=\"border:0;\" allowfullscreen=\"\" loading=\"lazy\" referrerpolicy=\"no-referrer-when-downgrade\"><\/iframe>\n","protected":false},"excerpt":{"rendered":"<p>Coordinador de convivencia. Luis Carlos Guerrero Garc\u00eda es el coordinador de convivencia de nuestra instituci\u00f3n. Su presencia es fundamental para mantener un ambiente armonioso y seguro. Con una s\u00f3lida experiencia &#8230;<\/p>\n","protected":false},"author":1,"featured_media":0,"parent":0,"menu_order":0,"comment_status":"closed","ping_status":"closed","template":"template-fullwidth.php","meta":{"_themeisle_gutenberg_block_has_review":false,"_ti_tpc_template_sync":false,"_ti_tpc_template_id":"","footnotes":""},"class_list":["post-1697","page","type-page","status-publish","hentry"],"_links":{"self":[{"href":"https:\/\/iem-elencano.edu.co\/index.php\/wp-json\/wp\/v2\/pages\/1697","targetHints":{"allow":["GET"]}}],"collection":[{"href":"https:\/\/iem-elencano.edu.co\/index.php\/wp-json\/wp\/v2\/pages"}],"about":[{"href":"https:\/\/iem-elencano.edu.co\/index.php\/wp-json\/wp\/v2\/types\/page"}],"author":[{"embeddable":true,"href":"https:\/\/iem-elencano.edu.co\/index.php\/wp-json\/wp\/v2\/users\/1"}],"replies":[{"embeddable":true,"href":"https:\/\/iem-elencano.edu.co\/index.php\/wp-json\/wp\/v2\/comments?post=1697"}],"version-history":[{"count":9,"href":"https:\/\/iem-elencano.edu.co\/index.php\/wp-json\/wp\/v2\/pages\/1697\/revisions"}],"predecessor-version":[{"id":2332,"href":"https:\/\/iem-elencano.edu.co\/index.php\/wp-json\/wp\/v2\/pages\/1697\/revisions\/2332"}],"wp:attachment":[{"href":"https:\/\/iem-elencano.edu.co\/index.php\/wp-json\/wp\/v2\/media?parent=1697"}],"curies":[{"name":"wp","href":"https:\/\/api.w.org\/{rel}","templated":true}]}}