{"id":1695,"date":"2024-06-20T03:20:41","date_gmt":"2024-06-20T03:20:41","guid":{"rendered":"https:\/\/iem-elencano.edu.co\/?page_id=1695"},"modified":"2025-05-07T02:49:15","modified_gmt":"2025-05-07T02:49:15","slug":"1-2-3","status":"publish","type":"page","link":"https:\/\/iem-elencano.edu.co\/index.php\/1-2-3\/","title":{"rendered":"Escuela Rural Mixta El Naranjal"},"content":{"rendered":"\n<div class=\"wp-block-cover alignfull is-light\" style=\"min-height:977px;aspect-ratio:unset;\"><img fetchpriority=\"high\" decoding=\"async\" width=\"2560\" height=\"1920\" class=\"wp-block-cover__image-background wp-image-1732\" alt=\"\" src=\"https:\/\/iem-elencano.edu.co\/wp-content\/uploads\/2024\/06\/Laguna_de_la_cocha-1-scaled.jpg\" data-object-fit=\"cover\" srcset=\"https:\/\/iem-elencano.edu.co\/wp-content\/uploads\/2024\/06\/Laguna_de_la_cocha-1-scaled.jpg 2560w, https:\/\/iem-elencano.edu.co\/wp-content\/uploads\/2024\/06\/Laguna_de_la_cocha-1-300x225.jpg 300w, https:\/\/iem-elencano.edu.co\/wp-content\/uploads\/2024\/06\/Laguna_de_la_cocha-1-1024x768.jpg 1024w, https:\/\/iem-elencano.edu.co\/wp-content\/uploads\/2024\/06\/Laguna_de_la_cocha-1-768x576.jpg 768w, https:\/\/iem-elencano.edu.co\/wp-content\/uploads\/2024\/06\/Laguna_de_la_cocha-1-1536x1152.jpg 1536w, https:\/\/iem-elencano.edu.co\/wp-content\/uploads\/2024\/06\/Laguna_de_la_cocha-1-2048x1536.jpg 2048w\" sizes=\"(max-width: 2560px) 100vw, 2560px\" \/><span aria-hidden=\"true\" class=\"wp-block-cover__background has-nv-light-bg-background-color has-background-dim\"><\/span><div class=\"wp-block-cover__inner-container is-layout-flow wp-block-cover-is-layout-flow\">\n<h2 class=\"wp-block-heading has-text-align-center has-white-color has-text-color has-link-color wp-elements-2e40e42a82ced0a5f207351b5c3a7c3b\">SEDE EL NARANJAL<\/h2>\n\n\n\n<p class=\"has-text-align-center\"><strong>\u201cUn Refugio Lacustre para el Aprendizaje y el Fortalecimiento Cultural\u201d<\/strong><\/p>\n\n\n\n<p class=\"has-white-color has-text-color has-link-color wp-elements-ebe6e2f621f33df327110fd06053ae2b\">La&nbsp;Sede Naranjal, es un espacio \u00fanico donde el&nbsp;aprendizaje, la preservaci\u00f3n cultural y la conexi\u00f3n con la naturaleza&nbsp;se entrelazan. Ubicada en el entorno majestuoso de la&nbsp;Laguna de La Cocha, en la vereda Naranjal, esta sede ofrece una experiencia educativa inspiradora, accesible en un recorrido de&nbsp;40 minutos en lancha desde la vereda El Puerto.<\/p>\n\n\n\n<p class=\"has-white-color has-text-color has-link-color wp-elements-73f28d9d512514d6c18b146438b42d4e\"><strong>Extendiendo Educaci\u00f3n con Sentido Comunitario<\/strong><strong><\/strong><\/p>\n\n\n\n<p class=\"has-white-color has-text-color has-link-color wp-elements-da896c04550348c24f03127b6986b3f0\">Como parte de nuestro compromiso con el desarrollo regional, la&nbsp;Sede Naranjal&nbsp;no solo atiende a la comunidad local, sino que tambi\u00e9n recibe estudiantes de&nbsp;veredas aleda\u00f1as, garantizando acceso a una&nbsp;educaci\u00f3n de calidad, inclusiva y cercana.<\/p>\n\n\n\n<p class=\"has-white-color has-text-color has-link-color wp-elements-e50af1c354e827130b3258645d2690c5\"><strong>Nuestra Visi\u00f3n: Formando L\u00edderes para el Futuro<\/strong><strong><\/strong><\/p>\n\n\n\n<p class=\"has-white-color has-text-color has-link-color wp-elements-6a9f810493fd873b1e53491ec5fd18e9\">En la Sede Naranjal, creemos que&nbsp;los ni\u00f1os y j\u00f3venes son los protagonistas del cambio. Por eso, brindamos una&nbsp;formaci\u00f3n integral&nbsp;que les permite:<\/p>\n\n\n\n<p class=\"has-text-align-left has-white-color has-text-color has-link-color wp-elements-03dd688e9cc39a43e75368559b01bfa6\">Contribuir al progreso de sus familias y de toda la comunidad del corregimiento de El Encano.<\/p>\n\n\n\n<p class=\"has-white-color has-text-color has-link-color wp-elements-dd8128b1a1284628f1bb9326e2f4a87c\">Desarrollar habilidades acad\u00e9micas y socioemocionales.<\/p>\n\n\n\n<p class=\"has-white-color has-text-color has-link-color wp-elements-9bf09694bdddd82fbbb042cb67401ada\">Fortalecer su identidad cultural y ambiental.<\/p>\n\n\n\n<div style=\"height:80px\" aria-hidden=\"true\" class=\"wp-block-spacer\"><\/div>\n\n\n\n<div class=\"wp-block-columns alignfull are-vertically-aligned-center is-layout-flex wp-container-core-columns-is-layout-9d6595d7 wp-block-columns-is-layout-flex\">\n<div class=\"wp-block-column is-vertically-aligned-center is-layout-flow wp-block-column-is-layout-flow\" style=\"flex-basis:15%\">\n<figure class=\"wp-block-image size-full\"><img decoding=\"async\" width=\"475\" height=\"473\" src=\"https:\/\/iem-elencano.edu.co\/wp-content\/uploads\/2024\/06\/WhatsApp_Image_2024-06-18_at_10.13.28_PM-removebg-preview.png\" alt=\"\" class=\"wp-image-1731\" srcset=\"https:\/\/iem-elencano.edu.co\/wp-content\/uploads\/2024\/06\/WhatsApp_Image_2024-06-18_at_10.13.28_PM-removebg-preview.png 475w, https:\/\/iem-elencano.edu.co\/wp-content\/uploads\/2024\/06\/WhatsApp_Image_2024-06-18_at_10.13.28_PM-removebg-preview-300x300.png 300w, https:\/\/iem-elencano.edu.co\/wp-content\/uploads\/2024\/06\/WhatsApp_Image_2024-06-18_at_10.13.28_PM-removebg-preview-150x150.png 150w\" sizes=\"(max-width: 475px) 100vw, 475px\" \/><\/figure>\n<\/div>\n\n\n\n<div class=\"wp-block-column is-vertically-aligned-center is-layout-flow wp-block-column-is-layout-flow\" style=\"flex-basis:20%\">\n<figure class=\"wp-block-image size-full\"><img decoding=\"async\" width=\"556\" height=\"274\" src=\"https:\/\/iem-elencano.edu.co\/wp-content\/uploads\/2024\/06\/el-narANJAL-3.png\" alt=\"\" class=\"wp-image-1727\" srcset=\"https:\/\/iem-elencano.edu.co\/wp-content\/uploads\/2024\/06\/el-narANJAL-3.png 556w, https:\/\/iem-elencano.edu.co\/wp-content\/uploads\/2024\/06\/el-narANJAL-3-300x148.png 300w\" sizes=\"(max-width: 556px) 100vw, 556px\" \/><\/figure>\n<\/div>\n\n\n\n<div class=\"wp-block-column is-vertically-aligned-center is-layout-flow wp-block-column-is-layout-flow\" style=\"flex-basis:30%\">\n<figure class=\"wp-block-image size-full\"><img loading=\"lazy\" decoding=\"async\" width=\"462\" height=\"348\" src=\"https:\/\/iem-elencano.edu.co\/wp-content\/uploads\/2024\/06\/el-naranjal.png\" alt=\"\" class=\"wp-image-1729\" srcset=\"https:\/\/iem-elencano.edu.co\/wp-content\/uploads\/2024\/06\/el-naranjal.png 462w, https:\/\/iem-elencano.edu.co\/wp-content\/uploads\/2024\/06\/el-naranjal-300x226.png 300w\" sizes=\"(max-width: 462px) 100vw, 462px\" \/><\/figure>\n<\/div>\n\n\n\n<div class=\"wp-block-column is-vertically-aligned-center is-layout-flow wp-block-column-is-layout-flow\" style=\"flex-basis:20%\">\n<figure class=\"wp-block-image size-full\"><img loading=\"lazy\" decoding=\"async\" width=\"478\" height=\"360\" src=\"https:\/\/iem-elencano.edu.co\/wp-content\/uploads\/2024\/06\/el-Naranjal-2-1.png\" alt=\"\" class=\"wp-image-1736\" srcset=\"https:\/\/iem-elencano.edu.co\/wp-content\/uploads\/2024\/06\/el-Naranjal-2-1.png 478w, https:\/\/iem-elencano.edu.co\/wp-content\/uploads\/2024\/06\/el-Naranjal-2-1-300x226.png 300w\" sizes=\"(max-width: 478px) 100vw, 478px\" \/><\/figure>\n<\/div>\n\n\n\n<div class=\"wp-block-column is-vertically-aligned-center is-layout-flow wp-block-column-is-layout-flow\" style=\"flex-basis:15%\">\n<figure class=\"wp-block-image size-full\"><img loading=\"lazy\" decoding=\"async\" width=\"492\" height=\"394\" src=\"https:\/\/iem-elencano.edu.co\/wp-content\/uploads\/2024\/06\/pixelcut-export.png\" alt=\"\" class=\"wp-image-1562\" srcset=\"https:\/\/iem-elencano.edu.co\/wp-content\/uploads\/2024\/06\/pixelcut-export.png 492w, https:\/\/iem-elencano.edu.co\/wp-content\/uploads\/2024\/06\/pixelcut-export-300x240.png 300w, https:\/\/iem-elencano.edu.co\/wp-content\/uploads\/2024\/06\/pixelcut-export-15x12.png 15w\" sizes=\"(max-width: 492px) 100vw, 492px\" \/><\/figure>\n<\/div>\n<\/div>\n\n\n\n<div style=\"height:50px\" aria-hidden=\"true\" class=\"wp-block-spacer\"><\/div>\n<\/div><\/div>\n\n\n\n<div style=\"height:80px\" aria-hidden=\"true\" class=\"wp-block-spacer\"><\/div>\n\n\n\n<div class=\"wp-block-columns is-layout-flex wp-container-core-columns-is-layout-9d6595d7 wp-block-columns-is-layout-flex\">\n<div class=\"wp-block-column is-vertically-aligned-center is-layout-flow wp-block-column-is-layout-flow\">\n<h2 class=\"wp-block-heading\">Omar Jaime Castro Matabanchoy<\/h2>\n\n\n\n<p>Docente de  la sede<\/p>\n<\/div>\n\n\n\n<div class=\"wp-block-column is-vertically-aligned-center is-layout-flow wp-block-column-is-layout-flow\">\n<figure class=\"wp-block-image size-full is-resized\"><img loading=\"lazy\" decoding=\"async\" width=\"166\" height=\"198\" src=\"https:\/\/iem-elencano.edu.co\/wp-content\/uploads\/2025\/05\/Jaime-Castro.jpg\" alt=\"\" class=\"wp-image-2341\" style=\"width:294px;height:auto\"\/><\/figure>\n<\/div>\n<\/div>\n\n\n\n<div style=\"height:50px\" aria-hidden=\"true\" class=\"wp-block-spacer\"><\/div>\n\n\n\n<h2 class=\"wp-block-heading has-text-align-center\">Nuestra ubicaci\u00f3n <\/h2>\n\n\n<div style=\"height:400pxpx;\" class=\"wp-block-themeisle-blocks-leaflet-map\" id=\"wp-block-themeisle-blocks-leaflet-map-b9c03dfb\"><\/div>\n<script type=\"text\/javascript\">\n\t\/* <![CDATA[ *\/\n\t\tif ( ! window.themeisleLeafletMaps ) window.themeisleLeafletMaps =[];\n\t\twindow.themeisleLeafletMaps.push( { container: \"wp-block-themeisle-blocks-leaflet-map-b9c03dfb\", attributes: {\"id\":\"wp-block-themeisle-blocks-leaflet-map-b9c03dfb\",\"latitude\":\"1.0309425957493887\",\"longitude\":\"-77.13930130004883\",\"bbox\":\"-77.175350189209,1.0137791908328173,-77.10325241088869,1.0481059081448838\",\"zoom\":14,\"location\":\"La Sagrada Familia, Barcelona, Spain\",\"height\":\"400px\",\"markers\":[],\"zoomControl\":true,\"draggable\":true,\"hasCustomCSS\":false,\"customCSS\":\"\",\"otterConditions\":[]} } );\n\t\/* ]]> *\/\n<\/script>\n\n\n<div class=\"wp-block-image\">\n<figure class=\"aligncenter size-full is-resized\"><img loading=\"lazy\" decoding=\"async\" width=\"360\" height=\"518\" src=\"https:\/\/iem-elencano.edu.co\/wp-content\/uploads\/2024\/06\/Naranjal-1.png\" alt=\"\" class=\"wp-image-1785\" style=\"width:368px;height:auto\" srcset=\"https:\/\/iem-elencano.edu.co\/wp-content\/uploads\/2024\/06\/Naranjal-1.png 360w, https:\/\/iem-elencano.edu.co\/wp-content\/uploads\/2024\/06\/Naranjal-1-208x300.png 208w\" sizes=\"(max-width: 360px) 100vw, 360px\" \/><\/figure>\n<\/div>","protected":false},"excerpt":{"rendered":"<p>Omar Jaime Castro Matabanchoy Docente de la sede Nuestra ubicaci\u00f3n<\/p>\n","protected":false},"author":1,"featured_media":0,"parent":0,"menu_order":0,"comment_status":"closed","ping_status":"closed","template":"template-fullwidth.php","meta":{"_themeisle_gutenberg_block_has_review":false,"_ti_tpc_template_sync":false,"_ti_tpc_template_id":"","footnotes":""},"class_list":["post-1695","page","type-page","status-publish","hentry"],"_links":{"self":[{"href":"https:\/\/iem-elencano.edu.co\/index.php\/wp-json\/wp\/v2\/pages\/1695","targetHints":{"allow":["GET"]}}],"collection":[{"href":"https:\/\/iem-elencano.edu.co\/index.php\/wp-json\/wp\/v2\/pages"}],"about":[{"href":"https:\/\/iem-elencano.edu.co\/index.php\/wp-json\/wp\/v2\/types\/page"}],"author":[{"embeddable":true,"href":"https:\/\/iem-elencano.edu.co\/index.php\/wp-json\/wp\/v2\/users\/1"}],"replies":[{"embeddable":true,"href":"https:\/\/iem-elencano.edu.co\/index.php\/wp-json\/wp\/v2\/comments?post=1695"}],"version-history":[{"count":11,"href":"https:\/\/iem-elencano.edu.co\/index.php\/wp-json\/wp\/v2\/pages\/1695\/revisions"}],"predecessor-version":[{"id":2344,"href":"https:\/\/iem-elencano.edu.co\/index.php\/wp-json\/wp\/v2\/pages\/1695\/revisions\/2344"}],"wp:attachment":[{"href":"https:\/\/iem-elencano.edu.co\/index.php\/wp-json\/wp\/v2\/media?parent=1695"}],"curies":[{"name":"wp","href":"https:\/\/api.w.org\/{rel}","templated":true}]}}