{"id":1691,"date":"2024-06-20T06:24:36","date_gmt":"2024-06-20T06:24:36","guid":{"rendered":"https:\/\/iem-elencano.edu.co\/?page_id=1691"},"modified":"2025-05-13T02:10:16","modified_gmt":"2025-05-13T02:10:16","slug":"1-2-7","status":"publish","type":"page","link":"https:\/\/iem-elencano.edu.co\/index.php\/1-2-7\/","title":{"rendered":"Escuela Rural Mixta El Puerto"},"content":{"rendered":"\n<div class=\"wp-block-cover alignfull is-light\" style=\"min-height:780px;aspect-ratio:unset;\"><img fetchpriority=\"high\" decoding=\"async\" width=\"597\" height=\"444\" class=\"wp-block-cover__image-background wp-image-1914\" alt=\"\" src=\"https:\/\/iem-elencano.edu.co\/wp-content\/uploads\/2024\/06\/Pasto.jpg\" data-object-fit=\"cover\" srcset=\"https:\/\/iem-elencano.edu.co\/wp-content\/uploads\/2024\/06\/Pasto.jpg 597w, https:\/\/iem-elencano.edu.co\/wp-content\/uploads\/2024\/06\/Pasto-300x223.jpg 300w\" sizes=\"(max-width: 597px) 100vw, 597px\" \/><span aria-hidden=\"true\" class=\"wp-block-cover__background has-nv-light-bg-background-color has-background-dim\"><\/span><div class=\"wp-block-cover__inner-container is-layout-flow wp-block-cover-is-layout-flow\">\n<p class=\"has-text-align-center\"> <\/p>\n\n\n\n<ul class=\"wp-block-list\">\n<li><\/li>\n<\/ul>\n\n\n\n<div class=\"wp-block-columns alignfull are-vertically-aligned-center is-layout-flex wp-container-core-columns-is-layout-9d6595d7 wp-block-columns-is-layout-flex\">\n<div class=\"wp-block-column is-vertically-aligned-center is-layout-flow wp-block-column-is-layout-flow\" style=\"flex-basis:15%\">\n<figure class=\"wp-block-image alignfull size-full\"><img decoding=\"async\" width=\"475\" height=\"473\" src=\"https:\/\/iem-elencano.edu.co\/wp-content\/uploads\/2024\/06\/WhatsApp_Image_2024-06-18_at_10.13.28_PM-removebg-preview.png\" alt=\"\" class=\"wp-image-1731\" srcset=\"https:\/\/iem-elencano.edu.co\/wp-content\/uploads\/2024\/06\/WhatsApp_Image_2024-06-18_at_10.13.28_PM-removebg-preview.png 475w, https:\/\/iem-elencano.edu.co\/wp-content\/uploads\/2024\/06\/WhatsApp_Image_2024-06-18_at_10.13.28_PM-removebg-preview-300x300.png 300w, https:\/\/iem-elencano.edu.co\/wp-content\/uploads\/2024\/06\/WhatsApp_Image_2024-06-18_at_10.13.28_PM-removebg-preview-150x150.png 150w\" sizes=\"(max-width: 475px) 100vw, 475px\" \/><\/figure>\n<\/div>\n\n\n\n<div class=\"wp-block-column is-vertically-aligned-center is-layout-flow wp-block-column-is-layout-flow\" style=\"flex-basis:20%\">\n<figure class=\"wp-block-image alignfull size-large\"><img decoding=\"async\" width=\"1024\" height=\"461\" src=\"https:\/\/iem-elencano.edu.co\/wp-content\/uploads\/2024\/06\/WhatsApp-Image-2024-06-12-at-10.14.05-PM-1-1024x461.jpeg\" alt=\"\" class=\"wp-image-1482\" srcset=\"https:\/\/iem-elencano.edu.co\/wp-content\/uploads\/2024\/06\/WhatsApp-Image-2024-06-12-at-10.14.05-PM-1-1024x461.jpeg 1024w, https:\/\/iem-elencano.edu.co\/wp-content\/uploads\/2024\/06\/WhatsApp-Image-2024-06-12-at-10.14.05-PM-1-300x135.jpeg 300w, https:\/\/iem-elencano.edu.co\/wp-content\/uploads\/2024\/06\/WhatsApp-Image-2024-06-12-at-10.14.05-PM-1-768x346.jpeg 768w, https:\/\/iem-elencano.edu.co\/wp-content\/uploads\/2024\/06\/WhatsApp-Image-2024-06-12-at-10.14.05-PM-1-1536x691.jpeg 1536w, https:\/\/iem-elencano.edu.co\/wp-content\/uploads\/2024\/06\/WhatsApp-Image-2024-06-12-at-10.14.05-PM-1-18x8.jpeg 18w, https:\/\/iem-elencano.edu.co\/wp-content\/uploads\/2024\/06\/WhatsApp-Image-2024-06-12-at-10.14.05-PM-1.jpeg 1600w\" sizes=\"(max-width: 1024px) 100vw, 1024px\" \/><\/figure>\n<\/div>\n\n\n\n<div class=\"wp-block-column is-vertically-aligned-center is-layout-flow wp-block-column-is-layout-flow\" style=\"flex-basis:30%\">\n<figure class=\"wp-block-image alignfull size-large\"><img loading=\"lazy\" decoding=\"async\" width=\"1024\" height=\"461\" src=\"https:\/\/iem-elencano.edu.co\/wp-content\/uploads\/2024\/06\/WhatsApp-Image-2024-06-12-at-10.14.14-PM-1024x461.jpeg\" alt=\"\" class=\"wp-image-1481\" srcset=\"https:\/\/iem-elencano.edu.co\/wp-content\/uploads\/2024\/06\/WhatsApp-Image-2024-06-12-at-10.14.14-PM-1024x461.jpeg 1024w, https:\/\/iem-elencano.edu.co\/wp-content\/uploads\/2024\/06\/WhatsApp-Image-2024-06-12-at-10.14.14-PM-300x135.jpeg 300w, https:\/\/iem-elencano.edu.co\/wp-content\/uploads\/2024\/06\/WhatsApp-Image-2024-06-12-at-10.14.14-PM-768x346.jpeg 768w, https:\/\/iem-elencano.edu.co\/wp-content\/uploads\/2024\/06\/WhatsApp-Image-2024-06-12-at-10.14.14-PM-1536x692.jpeg 1536w, https:\/\/iem-elencano.edu.co\/wp-content\/uploads\/2024\/06\/WhatsApp-Image-2024-06-12-at-10.14.14-PM-18x8.jpeg 18w, https:\/\/iem-elencano.edu.co\/wp-content\/uploads\/2024\/06\/WhatsApp-Image-2024-06-12-at-10.14.14-PM.jpeg 1600w\" sizes=\"(max-width: 1024px) 100vw, 1024px\" \/><\/figure>\n<\/div>\n\n\n\n<div class=\"wp-block-column is-vertically-aligned-center is-layout-flow wp-block-column-is-layout-flow\" style=\"flex-basis:20%\">\n<figure class=\"wp-block-image alignfull size-large\"><img loading=\"lazy\" decoding=\"async\" width=\"1024\" height=\"461\" src=\"https:\/\/iem-elencano.edu.co\/wp-content\/uploads\/2024\/06\/WhatsApp-Image-2024-06-12-at-10.45.57-PM-1024x461.jpeg\" alt=\"\" class=\"wp-image-1480\" srcset=\"https:\/\/iem-elencano.edu.co\/wp-content\/uploads\/2024\/06\/WhatsApp-Image-2024-06-12-at-10.45.57-PM-1024x461.jpeg 1024w, https:\/\/iem-elencano.edu.co\/wp-content\/uploads\/2024\/06\/WhatsApp-Image-2024-06-12-at-10.45.57-PM-300x135.jpeg 300w, https:\/\/iem-elencano.edu.co\/wp-content\/uploads\/2024\/06\/WhatsApp-Image-2024-06-12-at-10.45.57-PM-768x346.jpeg 768w, https:\/\/iem-elencano.edu.co\/wp-content\/uploads\/2024\/06\/WhatsApp-Image-2024-06-12-at-10.45.57-PM-18x8.jpeg 18w, https:\/\/iem-elencano.edu.co\/wp-content\/uploads\/2024\/06\/WhatsApp-Image-2024-06-12-at-10.45.57-PM.jpeg 1280w\" sizes=\"(max-width: 1024px) 100vw, 1024px\" \/><\/figure>\n<\/div>\n\n\n\n<div class=\"wp-block-column is-vertically-aligned-center is-layout-flow wp-block-column-is-layout-flow\" style=\"flex-basis:15%\">\n<figure class=\"wp-block-image alignfull size-full\"><img loading=\"lazy\" decoding=\"async\" width=\"492\" height=\"394\" src=\"https:\/\/iem-elencano.edu.co\/wp-content\/uploads\/2024\/06\/pixelcut-export.png\" alt=\"\" class=\"wp-image-1562\" srcset=\"https:\/\/iem-elencano.edu.co\/wp-content\/uploads\/2024\/06\/pixelcut-export.png 492w, https:\/\/iem-elencano.edu.co\/wp-content\/uploads\/2024\/06\/pixelcut-export-300x240.png 300w, https:\/\/iem-elencano.edu.co\/wp-content\/uploads\/2024\/06\/pixelcut-export-15x12.png 15w\" sizes=\"(max-width: 492px) 100vw, 492px\" \/><\/figure>\n<\/div>\n<\/div>\n\n\n\n<div style=\"height:50px\" aria-hidden=\"true\" class=\"wp-block-spacer\"><\/div>\n<\/div><\/div>\n\n\n\n<p style=\"font-size:37px\">En nuestra sede El Puerto atendemos a 53 estudiantes en modalidad multigrado, desde Transici\u00f3n hasta quinto grado. El proceso educativo est\u00e1 organizado de la siguiente manera:<\/p>\n\n\n\n<p style=\"font-size:37px\"><strong>Transici\u00f3n y primer grado<\/strong>: a cargo de la docente Ingrid Rosero Realpe<\/p>\n\n\n\n<p style=\"font-size:37px\"><strong>Segundo y tercer grado<\/strong>: bajo la orientaci\u00f3n de la docente Daira Bermeo Izquierdo<\/p>\n\n\n\n<p style=\"font-size:37px\"><strong>Cuarto y quinto grado<\/strong>: dirigido por la docente Sandra Lasso Males<\/p>\n\n\n\n<p style=\"font-size:37px\"><strong>Ubicaci\u00f3n y contexto comunitario<\/strong><br>Nuestra sede se encuentra ubicada en la vereda El Puerto, zona tur\u00edstica del corregimiento de El Encano. Esta privilegiada ubicaci\u00f3n hace que la principal actividad econ\u00f3mica de las familias sea el turismo, sector al que est\u00e1n estrechamente vinculados.<\/p>\n\n\n\n<p style=\"font-size:37px\"><strong>Compromiso ambiental<\/strong><br>Como comunidad educativa, nos enorgullece el compromiso activo de nuestros estudiantes y familias con la protecci\u00f3n del Lago Guamuez. Esta labor se materializa a trav\u00e9s de la organizaci\u00f3n de grupos ecol\u00f3gicos que promueven la conservaci\u00f3n de este importante patrimonio natural.<\/p>\n\n\n\n<div class=\"wp-block-columns is-layout-flex wp-container-core-columns-is-layout-9d6595d7 wp-block-columns-is-layout-flex\">\n<div class=\"wp-block-column is-vertically-aligned-center is-layout-flow wp-block-column-is-layout-flow\">\n<h2 class=\"wp-block-heading\">Sandra Lasso Males, Daira Ximena Bermeo Izquierdo e Ingrid Rosero Realpe<\/h2>\n\n\n\n<p>Docentes de la sede<\/p>\n\n\n\n<p>.<\/p>\n<\/div>\n\n\n\n<div class=\"wp-block-column is-vertically-aligned-center is-layout-flow wp-block-column-is-layout-flow\">\n<figure class=\"wp-block-image size-full\"><img loading=\"lazy\" decoding=\"async\" width=\"717\" height=\"577\" src=\"https:\/\/iem-elencano.edu.co\/wp-content\/uploads\/2025\/05\/image.png\" alt=\"\" class=\"wp-image-2357\" srcset=\"https:\/\/iem-elencano.edu.co\/wp-content\/uploads\/2025\/05\/image.png 717w, https:\/\/iem-elencano.edu.co\/wp-content\/uploads\/2025\/05\/image-300x241.png 300w\" sizes=\"(max-width: 717px) 100vw, 717px\" \/><\/figure>\n<\/div>\n<\/div>\n\n\n\n<div style=\"height:50px\" aria-hidden=\"true\" class=\"wp-block-spacer\"><\/div>\n\n\n\n<div class=\"wp-block-cover alignfull is-light\"><span aria-hidden=\"true\" class=\"wp-block-cover__background has-nv-dark-bg-background-color has-background-dim-0 has-background-dim\"><\/span><div class=\"wp-block-cover__inner-container is-layout-flow wp-block-cover-is-layout-flow\">\n<div style=\"height:80px\" aria-hidden=\"true\" class=\"wp-block-spacer\"><\/div>\n\n\n\n<div class=\"wp-block-columns are-vertically-aligned-top is-layout-flex wp-container-core-columns-is-layout-9d6595d7 wp-block-columns-is-layout-flex\">\n<div class=\"wp-block-column is-vertically-aligned-top is-layout-flow wp-block-column-is-layout-flow\" style=\"flex-basis:50%\"><div style=\"height:400pxpx;\" class=\"wp-block-themeisle-blocks-leaflet-map\" id=\"wp-block-themeisle-blocks-leaflet-map-378a31f4\"><\/div>\n<script type=\"text\/javascript\">\n\t\/* <![CDATA[ *\/\n\t\tif ( ! window.themeisleLeafletMaps ) window.themeisleLeafletMaps =[];\n\t\twindow.themeisleLeafletMaps.push( { container: \"wp-block-themeisle-blocks-leaflet-map-378a31f4\", attributes: {\"id\":\"wp-block-themeisle-blocks-leaflet-map-378a31f4\",\"latitude\":\"1.1446316534872825\",\"longitude\":\"-77.15467572212219\",\"bbox\":\"-77.15580224990846,1.143558983769789,-77.15354919433595,1.1457043228035173\",\"zoom\":18,\"location\":\"La Sagrada Familia, Barcelona, Spain\",\"height\":\"400px\",\"markers\":[],\"zoomControl\":true,\"draggable\":true,\"hasCustomCSS\":false,\"customCSS\":\"\",\"otterConditions\":[]} } );\n\t\/* ]]> *\/\n<\/script>\n<\/div>\n\n\n\n<div class=\"wp-block-column is-vertically-aligned-top is-layout-flow wp-block-column-is-layout-flow\" style=\"flex-basis:25%\">\n<div style=\"height:20px\" aria-hidden=\"true\" class=\"wp-block-spacer\"><\/div>\n<\/div>\n<\/div>\n\n\n\n<div style=\"height:50px\" aria-hidden=\"true\" class=\"wp-block-spacer\"><\/div>\n<\/div><\/div>\n","protected":false},"excerpt":{"rendered":"<p>En nuestra sede El Puerto atendemos a 53 estudiantes en modalidad multigrado, desde Transici\u00f3n hasta quinto grado. El proceso educativo est\u00e1 organizado de la siguiente manera: Transici\u00f3n y primer grado: &#8230;<\/p>\n","protected":false},"author":1,"featured_media":0,"parent":0,"menu_order":0,"comment_status":"closed","ping_status":"closed","template":"template-fullwidth.php","meta":{"_themeisle_gutenberg_block_has_review":false,"_ti_tpc_template_sync":false,"_ti_tpc_template_id":"","footnotes":""},"class_list":["post-1691","page","type-page","status-publish","hentry"],"_links":{"self":[{"href":"https:\/\/iem-elencano.edu.co\/index.php\/wp-json\/wp\/v2\/pages\/1691","targetHints":{"allow":["GET"]}}],"collection":[{"href":"https:\/\/iem-elencano.edu.co\/index.php\/wp-json\/wp\/v2\/pages"}],"about":[{"href":"https:\/\/iem-elencano.edu.co\/index.php\/wp-json\/wp\/v2\/types\/page"}],"author":[{"embeddable":true,"href":"https:\/\/iem-elencano.edu.co\/index.php\/wp-json\/wp\/v2\/users\/1"}],"replies":[{"embeddable":true,"href":"https:\/\/iem-elencano.edu.co\/index.php\/wp-json\/wp\/v2\/comments?post=1691"}],"version-history":[{"count":7,"href":"https:\/\/iem-elencano.edu.co\/index.php\/wp-json\/wp\/v2\/pages\/1691\/revisions"}],"predecessor-version":[{"id":2358,"href":"https:\/\/iem-elencano.edu.co\/index.php\/wp-json\/wp\/v2\/pages\/1691\/revisions\/2358"}],"wp:attachment":[{"href":"https:\/\/iem-elencano.edu.co\/index.php\/wp-json\/wp\/v2\/media?parent=1691"}],"curies":[{"name":"wp","href":"https:\/\/api.w.org\/{rel}","templated":true}]}}