{"id":1690,"date":"2024-06-20T05:41:23","date_gmt":"2024-06-20T05:41:23","guid":{"rendered":"https:\/\/iem-elencano.edu.co\/?page_id=1690"},"modified":"2025-02-08T02:27:51","modified_gmt":"2025-02-08T02:27:51","slug":"1-2-6","status":"publish","type":"page","link":"https:\/\/iem-elencano.edu.co\/index.php\/1-2-6\/","title":{"rendered":"Escuela Rural Mixta Campo Alegre"},"content":{"rendered":"\n<div class=\"wp-block-cover alignfull is-light\" style=\"min-height:977px;aspect-ratio:unset;\"><span aria-hidden=\"true\" class=\"wp-block-cover__background has-nv-light-bg-background-color has-background-dim\"><\/span><img fetchpriority=\"high\" decoding=\"async\" width=\"1024\" height=\"631\" class=\"wp-block-cover__image-background wp-image-1895\" alt=\"\" src=\"https:\/\/iem-elencano.edu.co\/wp-content\/uploads\/2024\/06\/765422d8-4d78-4642-8357-0e685f90f2e0.jpg\" data-object-fit=\"cover\" srcset=\"https:\/\/iem-elencano.edu.co\/wp-content\/uploads\/2024\/06\/765422d8-4d78-4642-8357-0e685f90f2e0.jpg 1024w, https:\/\/iem-elencano.edu.co\/wp-content\/uploads\/2024\/06\/765422d8-4d78-4642-8357-0e685f90f2e0-300x185.jpg 300w, https:\/\/iem-elencano.edu.co\/wp-content\/uploads\/2024\/06\/765422d8-4d78-4642-8357-0e685f90f2e0-768x473.jpg 768w\" sizes=\"(max-width: 1024px) 100vw, 1024px\" \/><div class=\"wp-block-cover__inner-container is-layout-flow wp-block-cover-is-layout-flow\">\n<div style=\"height:80px\" aria-hidden=\"true\" class=\"wp-block-spacer\"><\/div>\n\n\n\n<h1 class=\"wp-block-heading has-text-align-center has-white-color has-text-color\">SEDE CAMPO ALEGRE<\/h1>\n\n\n\n<div style=\"height:18px\" aria-hidden=\"true\" class=\"wp-block-spacer\"><\/div>\n\n\n\n<p><strong><mark style=\"background-color:rgba(0, 0, 0, 0)\" class=\"has-inline-color has-white-color\">Nuestra instituci\u00f3n se dedica a expandir su alcance educativo m\u00e1s all\u00e1 de nuestra sede principal, llegando a diversas veredas cercanas. Nos complace presentar nuestra sede \u00abCAMPO ALEGRE\u00bb, situada en la vereda que lleva el mismo nombre. Esta sede no solo atiende a la comunidad local, sino tambi\u00e9n a las veredas vecinas, con el prop\u00f3sito de brindar una educaci\u00f3n de alta calidad a nuestros ni\u00f1os y ni\u00f1as.<\/mark><\/strong><\/p>\n\n\n\n<p><strong><mark style=\"background-color:rgba(0, 0, 0, 0)\" class=\"has-inline-color has-white-color\">En la sede Campo Alegre, nos enfocamos exclusivamente en el nivel educativo de primaria, asegurando que los ni\u00f1os y ni\u00f1as reciban una base s\u00f3lida para su desarrollo acad\u00e9mico. Estamos convencidos de que estos j\u00f3venes son la clave para un futuro mejor. Mediante una educaci\u00f3n integral, nos esforzamos por prepararles para que puedan construir un futuro prometedor para sus familias y toda la comunidad del corregimiento de Encano. Nuestra misi\u00f3n es formar individuos competentes y comprometidos con el desarrollo y bienestar de su regi\u00f3n.<\/mark><\/strong><\/p>\n\n\n\n<div style=\"height:40px\" aria-hidden=\"true\" class=\"wp-block-spacer\"><\/div>\n\n\n\n<div class=\"wp-block-columns alignfull are-vertically-aligned-center is-layout-flex wp-container-core-columns-is-layout-9d6595d7 wp-block-columns-is-layout-flex\">\n<div class=\"wp-block-column is-vertically-aligned-center is-layout-flow wp-block-column-is-layout-flow\" style=\"flex-basis:15%\">\n<figure class=\"wp-block-image size-full\"><img decoding=\"async\" width=\"475\" height=\"473\" src=\"https:\/\/iem-elencano.edu.co\/wp-content\/uploads\/2024\/06\/WhatsApp_Image_2024-06-18_at_10.13.28_PM-removebg-preview.png\" alt=\"\" class=\"wp-image-1731\" srcset=\"https:\/\/iem-elencano.edu.co\/wp-content\/uploads\/2024\/06\/WhatsApp_Image_2024-06-18_at_10.13.28_PM-removebg-preview.png 475w, https:\/\/iem-elencano.edu.co\/wp-content\/uploads\/2024\/06\/WhatsApp_Image_2024-06-18_at_10.13.28_PM-removebg-preview-300x300.png 300w, https:\/\/iem-elencano.edu.co\/wp-content\/uploads\/2024\/06\/WhatsApp_Image_2024-06-18_at_10.13.28_PM-removebg-preview-150x150.png 150w\" sizes=\"(max-width: 475px) 100vw, 475px\" \/><\/figure>\n<\/div>\n\n\n\n<div class=\"wp-block-column is-vertically-aligned-center is-layout-flow wp-block-column-is-layout-flow\" style=\"flex-basis:20%\">\n<figure class=\"wp-block-image size-large\"><img decoding=\"async\" width=\"1024\" height=\"768\" src=\"https:\/\/iem-elencano.edu.co\/wp-content\/uploads\/2024\/06\/CAMPO-ALEGRE-1-1024x768.png\" alt=\"\" class=\"wp-image-1858\" srcset=\"https:\/\/iem-elencano.edu.co\/wp-content\/uploads\/2024\/06\/CAMPO-ALEGRE-1-1024x768.png 1024w, https:\/\/iem-elencano.edu.co\/wp-content\/uploads\/2024\/06\/CAMPO-ALEGRE-1-300x225.png 300w, https:\/\/iem-elencano.edu.co\/wp-content\/uploads\/2024\/06\/CAMPO-ALEGRE-1-768x576.png 768w, https:\/\/iem-elencano.edu.co\/wp-content\/uploads\/2024\/06\/CAMPO-ALEGRE-1-1536x1152.png 1536w, https:\/\/iem-elencano.edu.co\/wp-content\/uploads\/2024\/06\/CAMPO-ALEGRE-1-2048x1536.png 2048w\" sizes=\"(max-width: 1024px) 100vw, 1024px\" \/><\/figure>\n<\/div>\n\n\n\n<div class=\"wp-block-column is-vertically-aligned-center is-layout-flow wp-block-column-is-layout-flow\" style=\"flex-basis:30%\">\n<figure class=\"wp-block-image size-large\"><img loading=\"lazy\" decoding=\"async\" width=\"1024\" height=\"768\" src=\"https:\/\/iem-elencano.edu.co\/wp-content\/uploads\/2024\/06\/CAMPO-ALEGRE-2-1-1024x768.png\" alt=\"\" class=\"wp-image-1855\" srcset=\"https:\/\/iem-elencano.edu.co\/wp-content\/uploads\/2024\/06\/CAMPO-ALEGRE-2-1-1024x768.png 1024w, https:\/\/iem-elencano.edu.co\/wp-content\/uploads\/2024\/06\/CAMPO-ALEGRE-2-1-300x225.png 300w, https:\/\/iem-elencano.edu.co\/wp-content\/uploads\/2024\/06\/CAMPO-ALEGRE-2-1-768x576.png 768w, https:\/\/iem-elencano.edu.co\/wp-content\/uploads\/2024\/06\/CAMPO-ALEGRE-2-1-1536x1152.png 1536w, https:\/\/iem-elencano.edu.co\/wp-content\/uploads\/2024\/06\/CAMPO-ALEGRE-2-1-2048x1536.png 2048w\" sizes=\"(max-width: 1024px) 100vw, 1024px\" \/><\/figure>\n<\/div>\n\n\n\n<div class=\"wp-block-column is-vertically-aligned-center is-layout-flow wp-block-column-is-layout-flow\" style=\"flex-basis:20%\">\n<figure class=\"wp-block-image size-full\"><img loading=\"lazy\" decoding=\"async\" width=\"301\" height=\"226\" src=\"https:\/\/iem-elencano.edu.co\/wp-content\/uploads\/2024\/06\/Campo-alegre-1-1.png\" alt=\"\" class=\"wp-image-1869\"\/><\/figure>\n<\/div>\n\n\n\n<div class=\"wp-block-column is-vertically-aligned-center is-layout-flow wp-block-column-is-layout-flow\" style=\"flex-basis:15%\">\n<figure class=\"wp-block-image size-full\"><img loading=\"lazy\" decoding=\"async\" width=\"492\" height=\"394\" src=\"https:\/\/iem-elencano.edu.co\/wp-content\/uploads\/2024\/06\/pixelcut-export.png\" alt=\"\" class=\"wp-image-1562\" srcset=\"https:\/\/iem-elencano.edu.co\/wp-content\/uploads\/2024\/06\/pixelcut-export.png 492w, https:\/\/iem-elencano.edu.co\/wp-content\/uploads\/2024\/06\/pixelcut-export-300x240.png 300w, https:\/\/iem-elencano.edu.co\/wp-content\/uploads\/2024\/06\/pixelcut-export-15x12.png 15w\" sizes=\"(max-width: 492px) 100vw, 492px\" \/><\/figure>\n<\/div>\n<\/div>\n\n\n\n<div style=\"height:50px\" aria-hidden=\"true\" class=\"wp-block-spacer\"><\/div>\n<\/div><\/div>\n\n\n\n<div style=\"height:80px\" aria-hidden=\"true\" class=\"wp-block-spacer\"><\/div>\n\n\n\n<div class=\"wp-block-columns is-layout-flex wp-container-core-columns-is-layout-9d6595d7 wp-block-columns-is-layout-flex\">\n<div class=\"wp-block-column is-vertically-aligned-center is-layout-flow wp-block-column-is-layout-flow\">\n<h2 class=\"wp-block-heading\">Riascos Galeano Ronald Steve<\/h2>\n\n\n\n<p>Nuestra instituci\u00f3n ha nombrado al docente Ronald Riascos como nuestro apoyo a la coordinaci\u00f3n. \u00c9l desempe\u00f1a el rol de representante inmediato en nuestra sede y asume la autoridad en ausencia del rector o del coordinador encargado de la instituci\u00f3n.<\/p>\n<\/div>\n\n\n\n<div class=\"wp-block-column is-vertically-aligned-center is-layout-flow wp-block-column-is-layout-flow\">\n<figure class=\"wp-block-image size-full wp-duotone-unset-1\"><img loading=\"lazy\" decoding=\"async\" width=\"720\" height=\"720\" src=\"https:\/\/iem-elencano.edu.co\/wp-content\/uploads\/2024\/06\/Avatar-PNG-Images.png\" alt=\"\" class=\"wp-image-1486\" srcset=\"https:\/\/iem-elencano.edu.co\/wp-content\/uploads\/2024\/06\/Avatar-PNG-Images.png 720w, https:\/\/iem-elencano.edu.co\/wp-content\/uploads\/2024\/06\/Avatar-PNG-Images-300x300.png 300w, https:\/\/iem-elencano.edu.co\/wp-content\/uploads\/2024\/06\/Avatar-PNG-Images-150x150.png 150w, https:\/\/iem-elencano.edu.co\/wp-content\/uploads\/2024\/06\/Avatar-PNG-Images-12x12.png 12w\" sizes=\"(max-width: 720px) 100vw, 720px\" \/><\/figure>\n<\/div>\n<\/div>\n\n\n\n<div style=\"height:50px\" aria-hidden=\"true\" class=\"wp-block-spacer\"><\/div>\n\n\n\n<div class=\"wp-block-cover alignfull is-light\"><span aria-hidden=\"true\" class=\"wp-block-cover__background has-nv-dark-bg-background-color has-background-dim-0 has-background-dim\"><\/span><div class=\"wp-block-cover__inner-container is-layout-flow wp-block-cover-is-layout-flow\">\n<div style=\"height:80px\" aria-hidden=\"true\" class=\"wp-block-spacer\"><\/div>\n\n\n\n<div class=\"wp-block-columns are-vertically-aligned-top is-layout-flex wp-container-core-columns-is-layout-9d6595d7 wp-block-columns-is-layout-flex\">\n<div class=\"wp-block-column is-vertically-aligned-top is-layout-flow wp-block-column-is-layout-flow\" style=\"flex-basis:50%\"><div style=\"height:400pxpx;\" class=\"wp-block-themeisle-blocks-leaflet-map\" id=\"wp-block-themeisle-blocks-google-map-75984d93\"><\/div>\n<script type=\"text\/javascript\">\n\t\/* <![CDATA[ *\/\n\t\tif ( ! window.themeisleLeafletMaps ) window.themeisleLeafletMaps =[];\n\t\twindow.themeisleLeafletMaps.push( { container: \"wp-block-themeisle-blocks-google-map-75984d93\", attributes: {\"id\":\"wp-block-themeisle-blocks-google-map-75984d93\",\"latitude\":\"1.16037303524504\",\"longitude\":\"-77.13683366775514\",\"bbox\":\"-77.14103937149048,1.1560823776422267,-77.13262796401979,1.164663686339688\",\"zoom\":16,\"location\":\"La Sagrada Familia, Barcelona, Spain\",\"height\":\"400px\",\"markers\":[],\"zoomControl\":true,\"draggable\":true,\"hasCustomCSS\":false,\"customCSS\":\"\",\"otterConditions\":[]} } );\n\t\/* ]]> *\/\n<\/script>\n<\/div>\n\n\n\n<div class=\"wp-block-column is-vertically-aligned-top is-layout-flow wp-block-column-is-layout-flow\" style=\"flex-basis:25%\">\n<div style=\"height:20px\" aria-hidden=\"true\" class=\"wp-block-spacer\"><\/div>\n<\/div>\n\n\n\n<div class=\"wp-block-column is-layout-flow wp-block-column-is-layout-flow\" style=\"flex-basis:25%\">\n<p class=\"has-text-align-center has-large-font-size\"><\/p>\n\n\n\n<figure class=\"wp-block-gallery has-nested-images columns-default is-cropped wp-block-gallery-2 is-layout-flex wp-block-gallery-is-layout-flex\">\n<figure class=\"wp-block-image size-large\"><img loading=\"lazy\" decoding=\"async\" width=\"325\" height=\"479\" data-id=\"1899\" src=\"https:\/\/iem-elencano.edu.co\/wp-content\/uploads\/2024\/06\/mapa-removebg-preview-1.png\" alt=\"\" class=\"wp-image-1899\" srcset=\"https:\/\/iem-elencano.edu.co\/wp-content\/uploads\/2024\/06\/mapa-removebg-preview-1.png 325w, https:\/\/iem-elencano.edu.co\/wp-content\/uploads\/2024\/06\/mapa-removebg-preview-1-204x300.png 204w\" sizes=\"(max-width: 325px) 100vw, 325px\" \/><\/figure>\n<\/figure>\n<\/div>\n<\/div>\n\n\n\n<div style=\"height:50px\" aria-hidden=\"true\" class=\"wp-block-spacer\"><\/div>\n<\/div><\/div>\n","protected":false},"excerpt":{"rendered":"<p>Riascos Galeano Ronald Steve Nuestra instituci\u00f3n ha nombrado al docente Ronald Riascos como nuestro apoyo a la coordinaci\u00f3n. \u00c9l desempe\u00f1a el rol de representante inmediato en nuestra sede y asume &#8230;<\/p>\n","protected":false},"author":1,"featured_media":0,"parent":0,"menu_order":0,"comment_status":"closed","ping_status":"closed","template":"template-fullwidth.php","meta":{"_themeisle_gutenberg_block_has_review":false,"_ti_tpc_template_sync":false,"_ti_tpc_template_id":"","footnotes":""},"class_list":["post-1690","page","type-page","status-publish","hentry"],"_links":{"self":[{"href":"https:\/\/iem-elencano.edu.co\/index.php\/wp-json\/wp\/v2\/pages\/1690","targetHints":{"allow":["GET"]}}],"collection":[{"href":"https:\/\/iem-elencano.edu.co\/index.php\/wp-json\/wp\/v2\/pages"}],"about":[{"href":"https:\/\/iem-elencano.edu.co\/index.php\/wp-json\/wp\/v2\/types\/page"}],"author":[{"embeddable":true,"href":"https:\/\/iem-elencano.edu.co\/index.php\/wp-json\/wp\/v2\/users\/1"}],"replies":[{"embeddable":true,"href":"https:\/\/iem-elencano.edu.co\/index.php\/wp-json\/wp\/v2\/comments?post=1690"}],"version-history":[{"count":5,"href":"https:\/\/iem-elencano.edu.co\/index.php\/wp-json\/wp\/v2\/pages\/1690\/revisions"}],"predecessor-version":[{"id":2109,"href":"https:\/\/iem-elencano.edu.co\/index.php\/wp-json\/wp\/v2\/pages\/1690\/revisions\/2109"}],"wp:attachment":[{"href":"https:\/\/iem-elencano.edu.co\/index.php\/wp-json\/wp\/v2\/media?parent=1690"}],"curies":[{"name":"wp","href":"https:\/\/api.w.org\/{rel}","templated":true}]}}