{"id":1532,"date":"2024-06-19T20:09:40","date_gmt":"2024-06-19T20:09:40","guid":{"rendered":"https:\/\/iem-elencano.edu.co\/?page_id=1532"},"modified":"2025-02-23T14:41:20","modified_gmt":"2025-02-23T14:41:20","slug":"horizonte-institucional","status":"publish","type":"page","link":"https:\/\/iem-elencano.edu.co\/index.php\/horizonte-institucional\/","title":{"rendered":"S\u00edmbolos Institucionales"},"content":{"rendered":"\n<p><\/p>\n\n\n\n<h1 class=\"wp-block-heading has-text-align-center has-vivid-cyan-blue-color has-text-color has-link-color wp-elements-bf6734b268e5a534d445d37a1c81bc94\">Escudo<\/h1>\n\n\n\n<div class=\"wp-block-eds-animate-it-block eds-animate-block-save\"><div class=\"eds-animate animated edsanimate-sis-hidden  \" data-eds-entry-animation=\"fadeInDownBig\" data-eds-entry-delay=\"0\" data-eds-entry-duration=\"0.5\" data-eds-entry-timing=\"linear\" data-eds-exit-animation=\"\" data-eds-exit-delay=\"0\" data-eds-exit-duration=\"0.5\" data-eds-exit-timing=\"linear\" data-eds-repeat-count=\"1\" data-eds-keep=\"yes\" data-eds-animate-on=\"load\" data-eds-scroll-offset=\"\"><div class=\"wp-block-image\">\n<figure class=\"aligncenter size-full is-resized\"><img fetchpriority=\"high\" decoding=\"async\" width=\"475\" height=\"473\" src=\"https:\/\/iem-elencano.edu.co\/wp-content\/uploads\/2025\/02\/escudo-1.png\" alt=\"\" class=\"wp-image-2123\" style=\"width:345px;height:auto\" srcset=\"https:\/\/iem-elencano.edu.co\/wp-content\/uploads\/2025\/02\/escudo-1.png 475w, https:\/\/iem-elencano.edu.co\/wp-content\/uploads\/2025\/02\/escudo-1-300x300.png 300w, https:\/\/iem-elencano.edu.co\/wp-content\/uploads\/2025\/02\/escudo-1-150x150.png 150w\" sizes=\"(max-width: 475px) 100vw, 475px\" \/><\/figure>\n<\/div>\n\n\n<p class=\"has-text-align-center\"><\/p>\n\n\n\n<p><\/p>\n\n\n\n<p>En la parte se encuentra un sol, significado de luz, iluminando el pensamiento de superaci\u00f3n de nuestra ni\u00f1ez y juventud; va sostenido por dos banderas, una que representa los colores del corregimiento del encano y otra el municipio de pasto.<\/p>\n\n\n\n<p>Un paisaje central de la laguna d la cocha, que es nuestro patrimonio natural al que todos debemos cuidado y admiraci\u00f3n por su imponente belleza.<\/p>\n\n\n\n<p><a href=\"https:\/\/blogger.googleusercontent.com\/img\/b\/R29vZ2xl\/AVvXsEj0TwxNXGiDXf9hit0OmoghwUhDHURqdDRoeHk2h5uCMu-VNrjLoSB26V3Tl92N85ZbLWvQDNlAi_dqBmXOXtnfDHd5p3PBrQHHmIBzhyphenhyphen1XOzUcYwGyd9WBbvqpQGDhJDBPN5z3bFcxei8\/s1600\/descarga.jpg\"><\/a>Encerrando el paisaje est\u00e1n dos manos que significan el trabajo laborioso de sus gentes &nbsp;para el progreso.<\/p>\n\n\n\n<p>Entre ellas, hay dieciocho parcelas en diferentes gamas de verdes que representan a las veredas del corregimiento.<\/p>\n\n\n\n<p>En la parte inferior del escudo se encuentra el tema\u2019 estudio, trabajo y ciencia\u00b4\u00b4, que significa:<\/p>\n\n\n\n<p><strong>ESTUDIO<\/strong>: brinda a toda la comunidad la oportunidad de un crecimiento personal, intelectual y social, que ayude a mejorar su calidad de vida.<\/p>\n\n\n\n<p><strong>TRABAJO<\/strong>: esfuerzo humano que busca proyectarse hacia la comunidad con miras &nbsp;a fortalecer su nivel de vida, mejorando sus &nbsp; necesidades b\u00e1sicas.<\/p>\n\n\n\n<p><strong>CIENCIA<\/strong>: Posibilita a los estudiantes los conocimientos para formarlos de manera integral y a la vez les permita transformar su entorno.<\/p>\n<\/div><\/div>\n\n\n\n<h1 class=\"wp-block-heading has-text-align-center has-vivid-cyan-blue-color has-text-color has-link-color wp-elements-22716247227fff61f484608e502f1ccc\">Bandera<\/h1>\n\n\n\n<div class=\"wp-block-group is-nowrap is-layout-flex wp-container-core-group-is-layout-ad2f72ca wp-block-group-is-layout-flex\">\n<figure class=\"wp-block-image size-full is-resized\"><img decoding=\"async\" width=\"492\" height=\"394\" src=\"https:\/\/iem-elencano.edu.co\/wp-content\/uploads\/2024\/06\/pixelcut-export.png\" alt=\"\" class=\"wp-image-1562\" style=\"width:331px;height:auto\" srcset=\"https:\/\/iem-elencano.edu.co\/wp-content\/uploads\/2024\/06\/pixelcut-export.png 492w, https:\/\/iem-elencano.edu.co\/wp-content\/uploads\/2024\/06\/pixelcut-export-300x240.png 300w, https:\/\/iem-elencano.edu.co\/wp-content\/uploads\/2024\/06\/pixelcut-export-15x12.png 15w\" sizes=\"(max-width: 492px) 100vw, 492px\" \/><\/figure>\n\n\n\n<div class=\"wp-block-group\"><div class=\"wp-block-group__inner-container is-layout-constrained wp-block-group-is-layout-constrained\">\n<p class=\"has-text-align-left\"><strong>Azul:<\/strong> Simboliza la riqueza h\u00eddrica que ba\u00f1a el lugar y las aguas del Lago Guamuez y el cielo que cubre el hermoso lugar donde se ubica nuestra Instituci\u00f3n.<\/p>\n\n\n\n<p class=\"has-text-align-left\"><strong>Blanca:<\/strong> Representa la tranquilidad, la paz y el sosiego de sus habitantes para vivir en armon\u00eda.<\/p>\n\n\n\n<p class=\"has-text-align-left\"><strong>Verde:<\/strong> Riqueza natural del entorno y sus paisajes que envuelven la esperanza de los corazones de quienes lo habitan.<\/p>\n<\/div><\/div>\n<\/div>\n\n\n\n<h1 class=\"wp-block-heading has-text-align-center has-vivid-cyan-blue-color has-text-color has-link-color wp-elements-f57bdc38c752ffef4f3cc22a5bd07e2f\">Himno<\/h1>\n\n\n\n<div class=\"wp-block-eds-animate-it-block eds-animate-block-save\"><div class=\"eds-animate animated edsanimate-sis-hidden  \" data-eds-entry-animation=\"fadeInDown\" data-eds-entry-delay=\"0\" data-eds-entry-duration=\"0.5\" data-eds-entry-timing=\"linear\" data-eds-exit-animation=\"\" data-eds-exit-delay=\"0\" data-eds-exit-duration=\"0.5\" data-eds-exit-timing=\"linear\" data-eds-repeat-count=\"1\" data-eds-keep=\"yes\" data-eds-animate-on=\"load\" data-eds-scroll-offset=\"\">\n<div class=\"wp-block-columns is-layout-flex wp-container-core-columns-is-layout-9d6595d7 wp-block-columns-is-layout-flex\">\n<div class=\"wp-block-column is-layout-flow wp-block-column-is-layout-flow\">\n<pre class=\"wp-block-verse has-text-align-center\"><strong>Coro<\/strong><br>Canta altiva Colombia en mi voz<br>Cuando entono un himno al saber,<br><span class=\"hljs-selector-tag\">A<\/span> la vida, al amor, <span class=\"hljs-selector-tag\">a<\/span> la paz<br><span class=\"hljs-selector-tag\">A<\/span> mi claustro, refugio y virtud<br><br><strong>I<\/strong><br>De la fe, la esperanza, el honor<br>Mi colegio es hermoso vergel<br>Un enjambre de mentes se lanza<br>A su vega en pos de un laurel.<\/pre>\n<\/div>\n\n\n\n<div class=\"wp-block-column is-layout-flow wp-block-column-is-layout-flow\">\n<pre class=\"wp-block-verse has-text-align-center\"><strong>II<\/strong><br>Un espejo de plata le adorna<br>Y en sus aguas el cielo se ve<br>A Colombia y al Orbe se muestra<br>El Encano creaci\u00f3n celestial<br><br><strong>Coro<\/strong><br>Canta altiva Colombia en mi voz<br>Cuando entono un himno al saber,<br>A la vida, al amor, a la paz<br>A mi claustro, refugio y virtud<br><br><strong>III<\/strong><br>Dios y Patria, los llevo en el alma<br>Esculpidos con fuego ancestral<br>Es la ciencia la meta a\u00f1orada<br>Es el triunfo mi destino final<\/pre>\n\n\n\n<blockquote class=\"wp-block-quote is-layout-flow wp-block-quote-is-layout-flow\">\n<div class=\"wp-block-group is-nowrap is-layout-flex wp-container-core-group-is-layout-ad2f72ca wp-block-group-is-layout-flex\">\n<p><strong>M\u00fasica:<\/strong> Jaime Vicente Goyes Acosta<\/p>\n\n\n\n<p><strong>Letra:<\/strong> Cruz Helena Benavides Narv\u00e1ez<\/p>\n<\/div>\n<\/blockquote>\n<\/div>\n\n\n\n<div class=\"wp-block-column is-layout-flow wp-block-column-is-layout-flow\">\n<pre class=\"wp-block-verse has-text-align-center\"><strong>IV<\/strong><br>Vamos, vamos; amigos cantemos<br>En honor a mi raza inmortal<br>Al colegio, todos entonemos<br>Y al maestro, semilla de luz<br><br><strong>Coro<\/strong><br>Canta altiva Colombia en mi voz<br>Cuando entono un himno al saber,<br>A la vida, al amor, a la paz<br>A mi claustro, refugio y virtud<\/pre>\n<\/div>\n<\/div>\n\n\n\n<figure class=\"wp-block-embed aligncenter is-type-video is-provider-youtube wp-block-embed-youtube wp-embed-aspect-16-9 wp-has-aspect-ratio\"><div class=\"wp-block-embed__wrapper\">\n<iframe title=\"Himno IEM El Encano Versi\u00f3n  2019\" width=\"800\" height=\"450\" src=\"https:\/\/www.youtube.com\/embed\/6iMHfPp8ztk?feature=oembed\" frameborder=\"0\" allow=\"accelerometer; autoplay; clipboard-write; encrypted-media; gyroscope; picture-in-picture; web-share\" referrerpolicy=\"strict-origin-when-cross-origin\" allowfullscreen><\/iframe>\n<\/div><\/figure>\n<\/div><\/div>\n","protected":false},"excerpt":{"rendered":"<p>Escudo Bandera Azul: Simboliza la riqueza h\u00eddrica que ba\u00f1a el lugar y las aguas del Lago Guamuez y el cielo que cubre el hermoso lugar donde se ubica nuestra Instituci\u00f3n. &#8230;<\/p>\n","protected":false},"author":1,"featured_media":0,"parent":0,"menu_order":0,"comment_status":"closed","ping_status":"closed","template":"template-fullwidth.php","meta":{"_themeisle_gutenberg_block_has_review":false,"_ti_tpc_template_sync":false,"_ti_tpc_template_id":"","footnotes":""},"class_list":["post-1532","page","type-page","status-publish","hentry"],"_links":{"self":[{"href":"https:\/\/iem-elencano.edu.co\/index.php\/wp-json\/wp\/v2\/pages\/1532","targetHints":{"allow":["GET"]}}],"collection":[{"href":"https:\/\/iem-elencano.edu.co\/index.php\/wp-json\/wp\/v2\/pages"}],"about":[{"href":"https:\/\/iem-elencano.edu.co\/index.php\/wp-json\/wp\/v2\/types\/page"}],"author":[{"embeddable":true,"href":"https:\/\/iem-elencano.edu.co\/index.php\/wp-json\/wp\/v2\/users\/1"}],"replies":[{"embeddable":true,"href":"https:\/\/iem-elencano.edu.co\/index.php\/wp-json\/wp\/v2\/comments?post=1532"}],"version-history":[{"count":42,"href":"https:\/\/iem-elencano.edu.co\/index.php\/wp-json\/wp\/v2\/pages\/1532\/revisions"}],"predecessor-version":[{"id":2126,"href":"https:\/\/iem-elencano.edu.co\/index.php\/wp-json\/wp\/v2\/pages\/1532\/revisions\/2126"}],"wp:attachment":[{"href":"https:\/\/iem-elencano.edu.co\/index.php\/wp-json\/wp\/v2\/media?parent=1532"}],"curies":[{"name":"wp","href":"https:\/\/api.w.org\/{rel}","templated":true}]}}