{"id":1465,"date":"2024-06-19T03:29:53","date_gmt":"2024-06-19T03:29:53","guid":{"rendered":"https:\/\/iem-elencano.edu.co\/?page_id=1465"},"modified":"2025-03-11T01:52:05","modified_gmt":"2025-03-11T01:52:05","slug":"horizonte-institucional-2","status":"publish","type":"page","link":"https:\/\/iem-elencano.edu.co\/index.php\/horizonte-institucional-2\/","title":{"rendered":"Horizonte Institucional"},"content":{"rendered":"\n<div class=\"wp-block-eds-animate-it-block eds-animate-block-save\"><div class=\"eds-animate animated   \" data-eds-entry-animation=\"bounce\" data-eds-entry-delay=\"0\" data-eds-entry-duration=\"1\" data-eds-entry-timing=\"linear\" data-eds-exit-animation=\"\" data-eds-exit-delay=\"0\" data-eds-exit-duration=\"0.5\" data-eds-exit-timing=\"linear\" data-eds-repeat-count=\"1\" data-eds-keep=\"yes\" data-eds-animate-on=\"load\" data-eds-scroll-offset=\"\">\n<div class=\"wp-block-columns is-layout-flex wp-container-core-columns-is-layout-9d6595d7 wp-block-columns-is-layout-flex\">\n<div class=\"wp-block-column is-layout-flow wp-block-column-is-layout-flow\">\n<h2 class=\"wp-block-heading has-text-align-center has-vivid-cyan-blue-color has-text-color has-link-color wp-elements-ef21d96bc804f6aca6f91050add7f4d6\"><strong>Misi\u00f3n<\/strong><\/h2>\n<\/div>\n\n\n\n<div class=\"wp-block-column is-layout-flow wp-block-column-is-layout-flow\">\n<h2 class=\"wp-block-heading has-text-align-center has-vivid-cyan-blue-color has-text-color has-link-color wp-elements-81b08d5bc88760859021cb3576f2fdad\"><strong>Visi\u00f3n<\/strong><\/h2>\n<\/div>\n<\/div>\n\n\n\n<div class=\"wp-block-columns is-layout-flex wp-container-core-columns-is-layout-9d6595d7 wp-block-columns-is-layout-flex\">\n<div class=\"wp-block-column is-layout-flow wp-block-column-is-layout-flow\">\n<p>La Instituci\u00f3n Educativa Municipal El Encano es una entidad rural de car\u00e1cter oficial, que ofrece el servicio educativo y garant\u00eda el derecho a la educaci\u00f3n a ni\u00f1os, ni\u00f1as, adolescentes y j\u00f3venes en los niveles preescolar, b\u00e1sica y media. Teniendo como referente el constructivismo social, contribuye a su formaci\u00f3n integral, aprendizaje de conocimientos, competencias, valores y al compromiso con el desarrollo sostenible de la comunidad.<\/p>\n<\/div>\n\n\n\n<div class=\"wp-block-column is-layout-flow wp-block-column-is-layout-flow\">\n<p>En el a\u00f1o 2030, la Instituci\u00f3n Educativa Municipal El Encano ser\u00e1 reconocida a nivel local, regional y nacional, por fomentar el desarrollo integral de los estudiantes como seres reflexivos, cr\u00edticos, aut\u00f3nomos, emprendedores, respetuosos de la diversidad, el amor, la solidaridad, la confianza, la responsabilidad y la honestidad. Para ello, contamos con profesionales de la educaci\u00f3n, que aportan positivamente a la transformaci\u00f3n de la realidad del estudiante, de la comunidad, de la sociedad, y familias conscientes de su rol como educadoras primordiales.<\/p>\n<\/div>\n<\/div>\n<\/div><\/div>\n\n\n\n<h3 class=\"wp-block-heading has-text-color has-link-color wp-elements-0fa3eaa197913c0660715a5b5834679e\" style=\"color:#080062\"><strong>Valores Institucionales<\/strong><\/h3>\n\n\n\n<p>En nuestra instituci\u00f3n, estamos comprometidos con una serie de valores esenciales que gu\u00edan nuestras acciones y decisiones.<\/p>\n\n\n\n<div class=\"wp-block-eds-animate-it-block eds-animate-block-save\"><div class=\"eds-animate animated edsanimate-sis-hidden  \" data-eds-entry-animation=\"bounceIn\" data-eds-entry-delay=\"0\" data-eds-entry-duration=\"0.5\" data-eds-entry-timing=\"linear\" data-eds-exit-animation=\"\" data-eds-exit-delay=\"0\" data-eds-exit-duration=\"0.5\" data-eds-exit-timing=\"linear\" data-eds-repeat-count=\"1\" data-eds-keep=\"yes\" data-eds-animate-on=\"load\" data-eds-scroll-offset=\"\">\n<div class=\"wp-block-columns is-layout-flex wp-container-core-columns-is-layout-9d6595d7 wp-block-columns-is-layout-flex\">\n<div class=\"wp-block-column has-text-color has-link-color wp-elements-980dd843a9cc9665ec79968b4a64f5bf is-layout-flow wp-block-column-is-layout-flow\" style=\"color:#346691\">\n<ul class=\"wp-block-list\">\n<li>Respeto<\/li>\n\n\n\n<li>Solidaridad<\/li>\n\n\n\n<li>Tolerancia<\/li>\n\n\n\n<li>Honestidad<\/li>\n\n\n\n<li>Pertenencia<\/li>\n\n\n\n<li>Responsabilidad<\/li>\n<\/ul>\n<\/div>\n\n\n\n<div class=\"wp-block-column has-text-color has-link-color wp-elements-e15ae7d91d5fcae975a6918331d23f02 is-layout-flow wp-block-column-is-layout-flow\" style=\"color:#346691\">\n<ul class=\"wp-block-list\">\n<li>Equidad<\/li>\n\n\n\n<li>Humildad<\/li>\n\n\n\n<li>Perd\u00f3n<\/li>\n\n\n\n<li>Paciencia<\/li>\n\n\n\n<li>Puntualidad<\/li>\n\n\n\n<li>Sinceridad<\/li>\n<\/ul>\n<\/div>\n\n\n\n<div class=\"wp-block-column has-text-color has-link-color wp-elements-823c223212b5f0cbe8bddba12120e2dd is-layout-flow wp-block-column-is-layout-flow\" style=\"color:#346691\">\n<ul class=\"wp-block-list\">\n<li>Compa\u00f1erismo<\/li>\n\n\n\n<li>Servicio<\/li>\n\n\n\n<li>Generosidad<\/li>\n\n\n\n<li>Amabilidad<\/li>\n\n\n\n<li>Empat\u00eda<\/li>\n\n\n\n<li>Resiliencia<\/li>\n<\/ul>\n<\/div>\n<\/div>\n<\/div><\/div>\n\n\n<figure class=\"animated zoomInUp wp-block-post-featured-image\"><img fetchpriority=\"high\" decoding=\"async\" width=\"2560\" height=\"1106\" src=\"https:\/\/iem-elencano.edu.co\/wp-content\/uploads\/2024\/06\/pixelcut-export-3-scaled.jpeg\" class=\"attachment-post-thumbnail size-post-thumbnail wp-post-image\" alt=\"\" style=\"object-fit:cover;\" srcset=\"https:\/\/iem-elencano.edu.co\/wp-content\/uploads\/2024\/06\/pixelcut-export-3-scaled.jpeg 2560w, https:\/\/iem-elencano.edu.co\/wp-content\/uploads\/2024\/06\/pixelcut-export-3-300x130.jpeg 300w, https:\/\/iem-elencano.edu.co\/wp-content\/uploads\/2024\/06\/pixelcut-export-3-1024x442.jpeg 1024w, https:\/\/iem-elencano.edu.co\/wp-content\/uploads\/2024\/06\/pixelcut-export-3-768x332.jpeg 768w, https:\/\/iem-elencano.edu.co\/wp-content\/uploads\/2024\/06\/pixelcut-export-3-1536x664.jpeg 1536w, https:\/\/iem-elencano.edu.co\/wp-content\/uploads\/2024\/06\/pixelcut-export-3-2048x885.jpeg 2048w, https:\/\/iem-elencano.edu.co\/wp-content\/uploads\/2024\/06\/pixelcut-export-3-18x8.jpeg 18w\" sizes=\"(max-width: 2560px) 100vw, 2560px\" \/><\/figure>","protected":false},"excerpt":{"rendered":"<p>Valores Institucionales En nuestra instituci\u00f3n, estamos comprometidos con una serie de valores esenciales que gu\u00edan nuestras acciones y decisiones.<\/p>\n","protected":false},"author":1,"featured_media":1526,"parent":0,"menu_order":0,"comment_status":"closed","ping_status":"closed","template":"template-fullwidth.php","meta":{"_themeisle_gutenberg_block_has_review":false,"_ti_tpc_template_sync":false,"_ti_tpc_template_id":"","footnotes":""},"class_list":["post-1465","page","type-page","status-publish","has-post-thumbnail","hentry"],"_links":{"self":[{"href":"https:\/\/iem-elencano.edu.co\/index.php\/wp-json\/wp\/v2\/pages\/1465","targetHints":{"allow":["GET"]}}],"collection":[{"href":"https:\/\/iem-elencano.edu.co\/index.php\/wp-json\/wp\/v2\/pages"}],"about":[{"href":"https:\/\/iem-elencano.edu.co\/index.php\/wp-json\/wp\/v2\/types\/page"}],"author":[{"embeddable":true,"href":"https:\/\/iem-elencano.edu.co\/index.php\/wp-json\/wp\/v2\/users\/1"}],"replies":[{"embeddable":true,"href":"https:\/\/iem-elencano.edu.co\/index.php\/wp-json\/wp\/v2\/comments?post=1465"}],"version-history":[{"count":37,"href":"https:\/\/iem-elencano.edu.co\/index.php\/wp-json\/wp\/v2\/pages\/1465\/revisions"}],"predecessor-version":[{"id":2026,"href":"https:\/\/iem-elencano.edu.co\/index.php\/wp-json\/wp\/v2\/pages\/1465\/revisions\/2026"}],"wp:featuredmedia":[{"embeddable":true,"href":"https:\/\/iem-elencano.edu.co\/index.php\/wp-json\/wp\/v2\/media\/1526"}],"wp:attachment":[{"href":"https:\/\/iem-elencano.edu.co\/index.php\/wp-json\/wp\/v2\/media?parent=1465"}],"curies":[{"name":"wp","href":"https:\/\/api.w.org\/{rel}","templated":true}]}}