{"id":1451,"date":"2024-06-19T03:08:48","date_gmt":"2024-06-19T03:08:48","guid":{"rendered":"https:\/\/iem-elencano.edu.co\/?page_id=1451"},"modified":"2025-03-13T03:03:58","modified_gmt":"2025-03-13T03:03:58","slug":"historia","status":"publish","type":"page","link":"https:\/\/iem-elencano.edu.co\/index.php\/historia\/","title":{"rendered":"Historia"},"content":{"rendered":"\n<h1 class=\"wp-block-heading has-text-align-center has-vivid-cyan-blue-color has-text-color has-link-color wp-elements-5ab711f6058e853d7cfb8fb727cb836b\"><strong>Historia<\/strong><\/h1>\n\n\n\n<div class=\"wp-block-eds-animate-it-block eds-animate-block-save\"><div class=\"eds-animate animated edsanimate-sis-hidden  \" data-eds-entry-animation=\"fadeIn\" data-eds-entry-delay=\"0\" data-eds-entry-duration=\"0.5\" data-eds-entry-timing=\"linear\" data-eds-exit-animation=\"\" data-eds-exit-delay=\"0\" data-eds-exit-duration=\"0.5\" data-eds-exit-timing=\"linear\" data-eds-repeat-count=\"1\" data-eds-keep=\"yes\" data-eds-animate-on=\"load\" data-eds-scroll-offset=\"\">\n<figure class=\"wp-block-gallery has-nested-images columns-default is-cropped wp-block-gallery-1 is-layout-flex wp-block-gallery-is-layout-flex\">\n<figure class=\"wp-block-image size-large\"><img decoding=\"async\" data-id=\"1641\" src=\"https:\/\/iem-elencano.edu.co\/wp-content\/uploads\/2024\/06\/FBG2ij8WQAE7LnJ-3.jpg\" alt=\"\" class=\"wp-image-1641\"\/><\/figure>\n<\/figure>\n<\/div><\/div>\n\n\n\n<p>La instituci\u00f3n comenz\u00f3 el 25 de mayo de 1976 como \u00abColegio Cooperativo El Encano\u00bb. Luego se transform\u00f3 en el \u00abColegio Departamental El Encano\u00bb en 1983 y, finalmente, en 2003, pas\u00f3 a ser la \u00abInstituci\u00f3n Educativa Municipal El Encano\u00bb. Esta instituci\u00f3n abarca varias sedes y se reorganiz\u00f3 en 2015 bajo la Resoluci\u00f3n 2208, que tambi\u00e9n implement\u00f3 la Jornada \u00danica en algunas sedes.<\/p>\n\n\n\n<div class=\"wp-block-eds-animate-it-block eds-animate-block-save\"><div class=\"eds-animate animated edsanimate-sis-hidden  \" data-eds-entry-animation=\"fadeIn\" data-eds-entry-delay=\"0\" data-eds-entry-duration=\"0.5\" data-eds-entry-timing=\"linear\" data-eds-exit-animation=\"\" data-eds-exit-delay=\"0\" data-eds-exit-duration=\"0.5\" data-eds-exit-timing=\"linear\" data-eds-repeat-count=\"1\" data-eds-keep=\"yes\" data-eds-animate-on=\"load\" data-eds-scroll-offset=\"\">\n<figure class=\"wp-block-gallery has-nested-images columns-default is-cropped wp-block-gallery-2 is-layout-flex wp-block-gallery-is-layout-flex\">\n<figure class=\"wp-block-image alignwide size-large is-style-default\"><img fetchpriority=\"high\" decoding=\"async\" width=\"683\" height=\"1024\" data-id=\"1642\" src=\"https:\/\/iem-elencano.edu.co\/wp-content\/uploads\/2024\/06\/36732362_830355783822336_803197225525051392_n-1-683x1024.jpg\" alt=\"\" class=\"wp-image-1642\" srcset=\"https:\/\/iem-elencano.edu.co\/wp-content\/uploads\/2024\/06\/36732362_830355783822336_803197225525051392_n-1-683x1024.jpg 683w, https:\/\/iem-elencano.edu.co\/wp-content\/uploads\/2024\/06\/36732362_830355783822336_803197225525051392_n-1-200x300.jpg 200w, https:\/\/iem-elencano.edu.co\/wp-content\/uploads\/2024\/06\/36732362_830355783822336_803197225525051392_n-1-768x1152.jpg 768w, https:\/\/iem-elencano.edu.co\/wp-content\/uploads\/2024\/06\/36732362_830355783822336_803197225525051392_n-1-1024x1536.jpg 1024w, https:\/\/iem-elencano.edu.co\/wp-content\/uploads\/2024\/06\/36732362_830355783822336_803197225525051392_n-1-8x12.jpg 8w, https:\/\/iem-elencano.edu.co\/wp-content\/uploads\/2024\/06\/36732362_830355783822336_803197225525051392_n-1.jpg 1067w\" sizes=\"(max-width: 683px) 100vw, 683px\" \/><\/figure>\n<\/figure>\n<\/div><\/div>\n","protected":false},"excerpt":{"rendered":"<p>Historia La instituci\u00f3n comenz\u00f3 el 25 de mayo de 1976 como \u00abColegio Cooperativo El Encano\u00bb. Luego se transform\u00f3 en el \u00abColegio Departamental El Encano\u00bb en 1983 y, finalmente, en 2003, &#8230;<\/p>\n","protected":false},"author":1,"featured_media":0,"parent":0,"menu_order":0,"comment_status":"closed","ping_status":"closed","template":"template-fullwidth.php","meta":{"_themeisle_gutenberg_block_has_review":false,"_ti_tpc_template_sync":false,"_ti_tpc_template_id":"","footnotes":""},"class_list":["post-1451","page","type-page","status-publish","hentry"],"_links":{"self":[{"href":"https:\/\/iem-elencano.edu.co\/index.php\/wp-json\/wp\/v2\/pages\/1451","targetHints":{"allow":["GET"]}}],"collection":[{"href":"https:\/\/iem-elencano.edu.co\/index.php\/wp-json\/wp\/v2\/pages"}],"about":[{"href":"https:\/\/iem-elencano.edu.co\/index.php\/wp-json\/wp\/v2\/types\/page"}],"author":[{"embeddable":true,"href":"https:\/\/iem-elencano.edu.co\/index.php\/wp-json\/wp\/v2\/users\/1"}],"replies":[{"embeddable":true,"href":"https:\/\/iem-elencano.edu.co\/index.php\/wp-json\/wp\/v2\/comments?post=1451"}],"version-history":[{"count":8,"href":"https:\/\/iem-elencano.edu.co\/index.php\/wp-json\/wp\/v2\/pages\/1451\/revisions"}],"predecessor-version":[{"id":2239,"href":"https:\/\/iem-elencano.edu.co\/index.php\/wp-json\/wp\/v2\/pages\/1451\/revisions\/2239"}],"wp:attachment":[{"href":"https:\/\/iem-elencano.edu.co\/index.php\/wp-json\/wp\/v2\/media?parent=1451"}],"curies":[{"name":"wp","href":"https:\/\/api.w.org\/{rel}","templated":true}]}}